{"id":50,"date":"2019-05-15T08:52:31","date_gmt":"2019-05-15T08:52:31","guid":{"rendered":"https:\/\/estodiac.eu\/eestidiakoonia\/?page_id=50"},"modified":"2019-12-22T19:38:55","modified_gmt":"2019-12-22T19:38:55","slug":"sundmused","status":"publish","type":"page","link":"https:\/\/estodiac.eu\/eestidiakoonia\/sundmused\/","title":{"rendered":"S\u00fcndmused"},"content":{"rendered":"\n<p><strong>S\u00fcdamepuhaste j\u00f5ulupidu Katikodus<\/strong><\/p>\n\n\n\n<p>Meie  t\u00f6\u00f6kaaslased kutsusid j\u00f5ule pidama oma koju Vilivere k\u00fclla, kus nad toetatult elavad. T\u00f6\u00f6l k\u00e4ivad s\u00fcdamepuhtad ehk intellektuaalsete erivajadustega inimesed Kohilas t\u00f6\u00f6keskuses. Seal teevad nad k\u00e4sit\u00f6\u00f6d, jagavad supik\u00f6\u00f6gis toitu ja t\u00f6\u00f6tavad pesumajas. V\u00e4ljakutseks on leida v\u00f5imalusi, kus nad veel enam saaksid oma oskusi rakendada ja mida v\u00f5iksid veel juurde \u00f5ppida.<\/p>\n\n\n\n<figure class=\"wp-block-image size-large\"><img loading=\"lazy\" decoding=\"async\" width=\"1024\" height=\"576\" src=\"https:\/\/estodiac.eu\/eestidiakoonia\/wp-content\/uploads\/2019\/12\/DSC_4029-1024x576.jpg\" alt=\"\" class=\"wp-image-230\" srcset=\"https:\/\/estodiac.eu\/eestidiakoonia\/wp-content\/uploads\/2019\/12\/DSC_4029-1024x576.jpg 1024w, https:\/\/estodiac.eu\/eestidiakoonia\/wp-content\/uploads\/2019\/12\/DSC_4029-300x169.jpg 300w, https:\/\/estodiac.eu\/eestidiakoonia\/wp-content\/uploads\/2019\/12\/DSC_4029-768x432.jpg 768w, https:\/\/estodiac.eu\/eestidiakoonia\/wp-content\/uploads\/2019\/12\/DSC_4029-1536x864.jpg 1536w, https:\/\/estodiac.eu\/eestidiakoonia\/wp-content\/uploads\/2019\/12\/DSC_4029-2048x1151.jpg 2048w, https:\/\/estodiac.eu\/eestidiakoonia\/wp-content\/uploads\/2019\/12\/DSC_4029-624x351.jpg 624w\" sizes=\"auto, (max-width: 1024px) 100vw, 1024px\" \/><figcaption>Katikodu elanikud tantsivad j\u00f5uluvanale. Foto: Kadri Kesk\u00fcla<\/figcaption><\/figure>\n\n\n\n<figure class=\"wp-block-image size-large\"><img loading=\"lazy\" decoding=\"async\" width=\"1024\" height=\"576\" src=\"https:\/\/estodiac.eu\/eestidiakoonia\/wp-content\/uploads\/2019\/12\/DSC_4034-1024x576.jpg\" alt=\"\" class=\"wp-image-228\" srcset=\"https:\/\/estodiac.eu\/eestidiakoonia\/wp-content\/uploads\/2019\/12\/DSC_4034-1024x576.jpg 1024w, https:\/\/estodiac.eu\/eestidiakoonia\/wp-content\/uploads\/2019\/12\/DSC_4034-300x169.jpg 300w, https:\/\/estodiac.eu\/eestidiakoonia\/wp-content\/uploads\/2019\/12\/DSC_4034-768x432.jpg 768w, https:\/\/estodiac.eu\/eestidiakoonia\/wp-content\/uploads\/2019\/12\/DSC_4034-1536x864.jpg 1536w, https:\/\/estodiac.eu\/eestidiakoonia\/wp-content\/uploads\/2019\/12\/DSC_4034-2048x1151.jpg 2048w, https:\/\/estodiac.eu\/eestidiakoonia\/wp-content\/uploads\/2019\/12\/DSC_4034-624x351.jpg 624w\" sizes=\"auto, (max-width: 1024px) 100vw, 1024px\" \/><figcaption>Iga salmiga s\u00fcttib \u00fcks advendik\u00fc\u00fcnal. Foto: Kadri Kesk\u00fcla<\/figcaption><\/figure>\n\n\n\n<figure class=\"wp-block-image size-large\"><img loading=\"lazy\" decoding=\"async\" width=\"576\" height=\"1024\" src=\"https:\/\/estodiac.eu\/eestidiakoonia\/wp-content\/uploads\/2019\/12\/DSC_4037-576x1024.jpg\" alt=\"\" class=\"wp-image-231\" srcset=\"https:\/\/estodiac.eu\/eestidiakoonia\/wp-content\/uploads\/2019\/12\/DSC_4037-576x1024.jpg 576w, https:\/\/estodiac.eu\/eestidiakoonia\/wp-content\/uploads\/2019\/12\/DSC_4037-169x300.jpg 169w, https:\/\/estodiac.eu\/eestidiakoonia\/wp-content\/uploads\/2019\/12\/DSC_4037-768x1366.jpg 768w, https:\/\/estodiac.eu\/eestidiakoonia\/wp-content\/uploads\/2019\/12\/DSC_4037-864x1536.jpg 864w, https:\/\/estodiac.eu\/eestidiakoonia\/wp-content\/uploads\/2019\/12\/DSC_4037-1151x2048.jpg 1151w, https:\/\/estodiac.eu\/eestidiakoonia\/wp-content\/uploads\/2019\/12\/DSC_4037-624x1110.jpg 624w, https:\/\/estodiac.eu\/eestidiakoonia\/wp-content\/uploads\/2019\/12\/DSC_4037-scaled.jpg 1439w\" sizes=\"auto, (max-width: 576px) 100vw, 576px\" \/><figcaption>J\u00f5ulud Katikodus. Foto: Kadri Kesk\u00fcla<\/figcaption><\/figure>\n\n\n\n<p><strong>T\u00f6\u00f6keskused s\u00fcdamepuhastele<\/strong> <\/p>\n\n\n\n<p>Pakume intellektuaalse erivajadusega t\u00e4iskasvanutele t\u00f6\u00f6tamise v\u00f5imalust ning tunneme koos nendega r\u00f5\u00f5mu saavutustest. T\u00f6\u00f6keskused Rakvere Kolmainu koguduse juures ja Kohila keskuses on avatud.<\/p>\n\n\n\n<p>Rakvere Kolmainukoguduse ruumides septembris 2018 toimunud konverentsi fotomeenutus:  <a href=\"https:\/\/youtu.be\/_sEEs1QY168\">https:\/\/youtu.be\/_sEEs1QY168<\/a><br>P\u00e4ikeseinimesed S\u00fcdamepuhtuse majades: <a href=\"https:\/\/youtu.be\/SgBeuZz0JlE\">https:\/\/youtu.be\/SgBeuZz0JlE<\/a> <\/p>\n\n\n\n<p><strong>Emeerituste advendipidu<\/strong><\/p>\n\n\n\n<p>Tallinna Peeteli kirikus korraldas Eesti Diakoonia 11. dedtsembril 2019 emeriitvaimulike ja pensionile j\u00e4\u00e4nud kirikumuusikute advendil\u00f5una. Armulauda p\u00fchitsesid peapiiskop Urmas Viilma, ja Peeteli kiriku\u00f5petaja Aare Luup, jutlustas Tallinna praost Jaan Tammsalu, laulsid Vanalinna Hariduskolleegiumi lapsed. Teenistusele j\u00e4rgnes pidu, kus s\u00f6\u00f6di ning r\u00f5\u00f5mustati \u00fcksteise \u00fcle. J\u00f5ululaulude saatel jagati kingitusi, mida olid valmistanud  Peeteli Sotsiaalkeskuse lapsed ja \u00f5petajad.<\/p>\n\n\n\n<figure class=\"wp-block-image size-large\"><img loading=\"lazy\" decoding=\"async\" width=\"1024\" height=\"576\" src=\"https:\/\/estodiac.eu\/eestidiakoonia\/wp-content\/uploads\/2019\/12\/DSC_4015-1024x576.jpg\" alt=\"\" class=\"wp-image-213\" srcset=\"https:\/\/estodiac.eu\/eestidiakoonia\/wp-content\/uploads\/2019\/12\/DSC_4015-1024x576.jpg 1024w, https:\/\/estodiac.eu\/eestidiakoonia\/wp-content\/uploads\/2019\/12\/DSC_4015-300x169.jpg 300w, https:\/\/estodiac.eu\/eestidiakoonia\/wp-content\/uploads\/2019\/12\/DSC_4015-768x432.jpg 768w, https:\/\/estodiac.eu\/eestidiakoonia\/wp-content\/uploads\/2019\/12\/DSC_4015-1536x864.jpg 1536w, https:\/\/estodiac.eu\/eestidiakoonia\/wp-content\/uploads\/2019\/12\/DSC_4015-2048x1151.jpg 2048w, https:\/\/estodiac.eu\/eestidiakoonia\/wp-content\/uploads\/2019\/12\/DSC_4015-624x351.jpg 624w\" sizes=\"auto, (max-width: 1024px) 100vw, 1024px\" \/><figcaption>Tallinna Peeteli kirik, emeerituste advendimissa 2019. Foto: Kadri Kesk\u00fcla<\/figcaption><\/figure>\n\n\n\n<p> <strong>Represseeritutele p\u00fchendatud advendimissa N\u00f5mme Rahu kirikus<\/strong><\/p>\n\n\n\n<p>Luutsinap\u00e4eval, 13. detsembril 2019 N\u00f5mmel toimunud missal teenisid Ove Sander, Avo \u00dcprus ja Marek Alveus, k\u00f5nelesid rahvastikuminister Riina Solman ja v\u00e4lisminister Urmas Reinsalu, laulis sopran Pille Lill. \u00d5nnistati Murtud Rukkilille \u00dchingu lipp, millel on kujutatud murtud, aga ikka \u00f5itsevat rukkilille. M\u00e4lestusteenistuse korraldasid Murtud Rukkilille \u00dching ja Eesti Diakoonia. <strong>Murtud Rukkilille \u00dching <\/strong>tegeleb v\u00f5\u00f5rv\u00f5imude poolt represseeritud ja k\u00fc\u00fcditatud isikute probleemide lahendamise, elukvaliteedi parandamise ja ajaloomaterjalide kogumse ja talletamisega. &#8220;Teie eluk\u00e4igule vaadates pole meie p\u00f5lvkonnal v\u00e4himatki \u00f5igust viriseda,&#8221; s\u00f5nas Urmas Reinsalu. &#8220;Te olete meile eeskujuks, &#8221; sekundeeris Riina Solman. Represseerituid hoidis rasketel aastatel elus usk Jumalasse, oma juurtesse ja kodumaasse.         Pildistas Urmas Roos.<\/p>\n\n\n\n<figure class=\"wp-block-image size-large\"><img loading=\"lazy\" decoding=\"async\" width=\"959\" height=\"640\" src=\"https:\/\/estodiac.eu\/eestidiakoonia\/wp-content\/uploads\/2019\/12\/73342360_10217507351128036_8359254329483329536_o.jpg\" alt=\"\" class=\"wp-image-226\" srcset=\"https:\/\/estodiac.eu\/eestidiakoonia\/wp-content\/uploads\/2019\/12\/73342360_10217507351128036_8359254329483329536_o.jpg 959w, https:\/\/estodiac.eu\/eestidiakoonia\/wp-content\/uploads\/2019\/12\/73342360_10217507351128036_8359254329483329536_o-300x200.jpg 300w, https:\/\/estodiac.eu\/eestidiakoonia\/wp-content\/uploads\/2019\/12\/73342360_10217507351128036_8359254329483329536_o-768x513.jpg 768w, https:\/\/estodiac.eu\/eestidiakoonia\/wp-content\/uploads\/2019\/12\/73342360_10217507351128036_8359254329483329536_o-624x416.jpg 624w\" sizes=\"auto, (max-width: 959px) 100vw, 959px\" \/><figcaption>EELK N\u00f5mme Rahu kirik<\/figcaption><\/figure>\n\n\n\n<figure class=\"wp-block-image size-large\"><img loading=\"lazy\" decoding=\"async\" width=\"1024\" height=\"683\" src=\"https:\/\/estodiac.eu\/eestidiakoonia\/wp-content\/uploads\/2019\/12\/78919202_10217507353168087_6318433179212447744_o-1024x683.jpg\" alt=\"\" class=\"wp-image-221\" srcset=\"https:\/\/estodiac.eu\/eestidiakoonia\/wp-content\/uploads\/2019\/12\/78919202_10217507353168087_6318433179212447744_o-1024x683.jpg 1024w, https:\/\/estodiac.eu\/eestidiakoonia\/wp-content\/uploads\/2019\/12\/78919202_10217507353168087_6318433179212447744_o-300x200.jpg 300w, https:\/\/estodiac.eu\/eestidiakoonia\/wp-content\/uploads\/2019\/12\/78919202_10217507353168087_6318433179212447744_o-768x512.jpg 768w, https:\/\/estodiac.eu\/eestidiakoonia\/wp-content\/uploads\/2019\/12\/78919202_10217507353168087_6318433179212447744_o-1536x1024.jpg 1536w, https:\/\/estodiac.eu\/eestidiakoonia\/wp-content\/uploads\/2019\/12\/78919202_10217507353168087_6318433179212447744_o-624x416.jpg 624w, https:\/\/estodiac.eu\/eestidiakoonia\/wp-content\/uploads\/2019\/12\/78919202_10217507353168087_6318433179212447744_o.jpg 1600w\" sizes=\"auto, (max-width: 1024px) 100vw, 1024px\" \/><figcaption>V\u00e4lisminister Urmas Reinsalu<\/figcaption><\/figure>\n\n\n\n<figure class=\"wp-block-image size-large\"><img loading=\"lazy\" decoding=\"async\" width=\"1024\" height=\"683\" src=\"https:\/\/estodiac.eu\/eestidiakoonia\/wp-content\/uploads\/2019\/12\/79104428_10217507353928106_8527717481001779200_o-1024x683.jpg\" alt=\"\" class=\"wp-image-222\" srcset=\"https:\/\/estodiac.eu\/eestidiakoonia\/wp-content\/uploads\/2019\/12\/79104428_10217507353928106_8527717481001779200_o-1024x683.jpg 1024w, https:\/\/estodiac.eu\/eestidiakoonia\/wp-content\/uploads\/2019\/12\/79104428_10217507353928106_8527717481001779200_o-300x200.jpg 300w, https:\/\/estodiac.eu\/eestidiakoonia\/wp-content\/uploads\/2019\/12\/79104428_10217507353928106_8527717481001779200_o-768x512.jpg 768w, https:\/\/estodiac.eu\/eestidiakoonia\/wp-content\/uploads\/2019\/12\/79104428_10217507353928106_8527717481001779200_o-1536x1024.jpg 1536w, https:\/\/estodiac.eu\/eestidiakoonia\/wp-content\/uploads\/2019\/12\/79104428_10217507353928106_8527717481001779200_o-624x416.jpg 624w, https:\/\/estodiac.eu\/eestidiakoonia\/wp-content\/uploads\/2019\/12\/79104428_10217507353928106_8527717481001779200_o.jpg 1600w\" sizes=\"auto, (max-width: 1024px) 100vw, 1024px\" \/><figcaption>Rahvastikuminister Riina Solman<\/figcaption><\/figure>\n\n\n\n<figure class=\"wp-block-image size-large\"><img loading=\"lazy\" decoding=\"async\" width=\"1024\" height=\"683\" src=\"https:\/\/estodiac.eu\/eestidiakoonia\/wp-content\/uploads\/2019\/12\/79940401_10217507354528121_8110985170867191808_o-1024x683.jpg\" alt=\"\" class=\"wp-image-223\" srcset=\"https:\/\/estodiac.eu\/eestidiakoonia\/wp-content\/uploads\/2019\/12\/79940401_10217507354528121_8110985170867191808_o-1024x683.jpg 1024w, https:\/\/estodiac.eu\/eestidiakoonia\/wp-content\/uploads\/2019\/12\/79940401_10217507354528121_8110985170867191808_o-300x200.jpg 300w, https:\/\/estodiac.eu\/eestidiakoonia\/wp-content\/uploads\/2019\/12\/79940401_10217507354528121_8110985170867191808_o-768x512.jpg 768w, https:\/\/estodiac.eu\/eestidiakoonia\/wp-content\/uploads\/2019\/12\/79940401_10217507354528121_8110985170867191808_o-1536x1024.jpg 1536w, https:\/\/estodiac.eu\/eestidiakoonia\/wp-content\/uploads\/2019\/12\/79940401_10217507354528121_8110985170867191808_o-624x416.jpg 624w, https:\/\/estodiac.eu\/eestidiakoonia\/wp-content\/uploads\/2019\/12\/79940401_10217507354528121_8110985170867191808_o.jpg 1600w\" sizes=\"auto, (max-width: 1024px) 100vw, 1024px\" \/><figcaption>Preester Ove Sander<\/figcaption><\/figure>\n\n\n\n<figure class=\"wp-block-image size-large\"><img loading=\"lazy\" decoding=\"async\" width=\"882\" height=\"960\" src=\"https:\/\/estodiac.eu\/eestidiakoonia\/wp-content\/uploads\/2019\/12\/79086044_10217507355888155_552130978047328256_o.jpg\" alt=\"\" class=\"wp-image-224\" srcset=\"https:\/\/estodiac.eu\/eestidiakoonia\/wp-content\/uploads\/2019\/12\/79086044_10217507355888155_552130978047328256_o.jpg 882w, https:\/\/estodiac.eu\/eestidiakoonia\/wp-content\/uploads\/2019\/12\/79086044_10217507355888155_552130978047328256_o-276x300.jpg 276w, https:\/\/estodiac.eu\/eestidiakoonia\/wp-content\/uploads\/2019\/12\/79086044_10217507355888155_552130978047328256_o-768x836.jpg 768w, https:\/\/estodiac.eu\/eestidiakoonia\/wp-content\/uploads\/2019\/12\/79086044_10217507355888155_552130978047328256_o-624x679.jpg 624w\" sizes=\"auto, (max-width: 882px) 100vw, 882px\" \/><figcaption>Kadri Kesk\u00fcla, Eesti Diakoonia<\/figcaption><\/figure>\n\n\n\n<figure class=\"wp-block-image size-large\"><img loading=\"lazy\" decoding=\"async\" width=\"1024\" height=\"683\" src=\"https:\/\/estodiac.eu\/eestidiakoonia\/wp-content\/uploads\/2019\/12\/79600694_10217507359008233_2852002750063968256_o-1024x683.jpg\" alt=\"\" class=\"wp-image-225\" srcset=\"https:\/\/estodiac.eu\/eestidiakoonia\/wp-content\/uploads\/2019\/12\/79600694_10217507359008233_2852002750063968256_o-1024x683.jpg 1024w, https:\/\/estodiac.eu\/eestidiakoonia\/wp-content\/uploads\/2019\/12\/79600694_10217507359008233_2852002750063968256_o-300x200.jpg 300w, https:\/\/estodiac.eu\/eestidiakoonia\/wp-content\/uploads\/2019\/12\/79600694_10217507359008233_2852002750063968256_o-768x512.jpg 768w, https:\/\/estodiac.eu\/eestidiakoonia\/wp-content\/uploads\/2019\/12\/79600694_10217507359008233_2852002750063968256_o-1536x1024.jpg 1536w, https:\/\/estodiac.eu\/eestidiakoonia\/wp-content\/uploads\/2019\/12\/79600694_10217507359008233_2852002750063968256_o-624x416.jpg 624w, https:\/\/estodiac.eu\/eestidiakoonia\/wp-content\/uploads\/2019\/12\/79600694_10217507359008233_2852002750063968256_o.jpg 1600w\" sizes=\"auto, (max-width: 1024px) 100vw, 1024px\" \/><figcaption>Murtud Rukkilille \u00dchingu lipu \u00f5nnistamine<\/figcaption><\/figure>\n","protected":false},"excerpt":{"rendered":"<p>S\u00fcdamepuhaste j\u00f5ulupidu Katikodus Meie t\u00f6\u00f6kaaslased kutsusid j\u00f5ule pidama oma koju Vilivere k\u00fclla, kus nad toetatult elavad. T\u00f6\u00f6l k\u00e4ivad s\u00fcdamepuhtad ehk intellektuaalsete erivajadustega inimesed Kohilas t\u00f6\u00f6keskuses. Seal teevad nad k\u00e4sit\u00f6\u00f6d, jagavad supik\u00f6\u00f6gis toitu ja t\u00f6\u00f6tavad pesumajas. V\u00e4ljakutseks on leida v\u00f5imalusi, kus nad veel enam saaksid oma oskusi rakendada ja mida v\u00f5iksid veel juurde \u00f5ppida. T\u00f6\u00f6keskused s\u00fcdamepuhastele [&hellip;]<\/p>\n","protected":false},"author":1,"featured_media":0,"parent":0,"menu_order":5,"comment_status":"closed","ping_status":"closed","template":"","meta":{"footnotes":""},"class_list":["post-50","page","type-page","status-publish","hentry"],"_links":{"self":[{"href":"https:\/\/estodiac.eu\/eestidiakoonia\/wp-json\/wp\/v2\/pages\/50","targetHints":{"allow":["GET"]}}],"collection":[{"href":"https:\/\/estodiac.eu\/eestidiakoonia\/wp-json\/wp\/v2\/pages"}],"about":[{"href":"https:\/\/estodiac.eu\/eestidiakoonia\/wp-json\/wp\/v2\/types\/page"}],"author":[{"embeddable":true,"href":"https:\/\/estodiac.eu\/eestidiakoonia\/wp-json\/wp\/v2\/users\/1"}],"replies":[{"embeddable":true,"href":"https:\/\/estodiac.eu\/eestidiakoonia\/wp-json\/wp\/v2\/comments?post=50"}],"version-history":[{"count":0,"href":"https:\/\/estodiac.eu\/eestidiakoonia\/wp-json\/wp\/v2\/pages\/50\/revisions"}],"wp:attachment":[{"href":"https:\/\/estodiac.eu\/eestidiakoonia\/wp-json\/wp\/v2\/media?parent=50"}],"curies":[{"name":"wp","href":"https:\/\/api.w.org\/{rel}","templated":true}]}}