{"id":48,"date":"2019-05-15T08:52:12","date_gmt":"2019-05-15T08:52:12","guid":{"rendered":"https:\/\/estodiac.eu\/eestidiakoonia\/?page_id=48"},"modified":"2019-05-26T17:47:16","modified_gmt":"2019-05-26T17:47:16","slug":"partnerid","status":"publish","type":"page","link":"https:\/\/estodiac.eu\/eestidiakoonia\/partnerid\/","title":{"rendered":"Partnerid"},"content":{"rendered":"\n<p><a rel=\"noreferrer noopener\" aria-label=\" (avatakse uues sakis)\" href=\"https:\/\/anija.kovtp.ee\/\" target=\"_blank\">Anija Vallavalitsus<\/a><br>CarAutoRent O\u00dc<br><a rel=\"noreferrer noopener\" aria-label=\" (avatakse uues sakis)\" href=\"http:\/\/inglitiib.eu\/inglitiib\/\" target=\"_blank\">EELK Inglitiib lapsehoid<\/a> <br>FIE \u00d5ie Kiis<br><a rel=\"noreferrer noopener\" aria-label=\" (avatakse uues sakis)\" href=\"http:\/\/joelahtme.kovtp.ee\/\" target=\"_blank\">J\u00f5el\u00e4htme Vallavalitsus<\/a><br><a rel=\"noreferrer noopener\" aria-label=\" (avatakse uues sakis)\" href=\"http:\/\/www.keila.ee\/\" target=\"_blank\">Keila Linnavalitsus<\/a><br><a rel=\"noreferrer noopener\" aria-label=\" (avatakse uues sakis)\" href=\"https:\/\/www.kiilivald.ee\/\" target=\"_blank\">Kiili Vallavalitsus<\/a><br><a rel=\"noreferrer noopener\" aria-label=\" (avatakse uues sakis)\" href=\"https:\/\/www.kosevald.ee\/\" target=\"_blank\">Kose Vallavalitsus<\/a><br><a rel=\"noreferrer noopener\" aria-label=\" (avatakse uues sakis)\" href=\"https:\/\/www.kuusalu.ee\/\" target=\"_blank\">Kuusalu Vallavalitsus<\/a><br>MT\u00dc ALUS<br><a rel=\"noreferrer noopener\" aria-label=\" (avatakse uues sakis)\" href=\"https:\/\/vorumaa.ee\/mtu\/mtu-hoolin-sinust\/\" target=\"_blank\">MT\u00dc Hoolin Sinust<\/a><br><a rel=\"noreferrer noopener\" aria-label=\" (avatakse uues sakis)\" href=\"http:\/\/www.lanoor.ee\/\" target=\"_blank\">MT\u00dc LaNoor<\/a><br><a rel=\"noreferrer noopener\" aria-label=\" (avatakse uues sakis)\" href=\"http:\/\/www.deti.ee\/\" target=\"_blank\">MT\u00dc Murzi<\/a><br><a href=\"http:\/\/www.xn--mnnirahu-0za.ee\/\">MT\u00dc M\u00e4nnirahu M\u00f5ttemaja<\/a><br>MT\u00dc Tln Erivajadustega laste ja noorte tugi\u00fching<br>O\u00dc Kollane Karu<br><a rel=\"noreferrer noopener\" aria-label=\" (avatakse uues sakis)\" href=\"https:\/\/bolt.eu\" target=\"_blank\">O\u00dc Bolt<\/a><br><a rel=\"noreferrer noopener\" aria-label=\" (avatakse uues sakis)\" href=\"http:\/\/raasiku.kovtp.ee\/\" target=\"_blank\">Raasiku Vallavalitsus<\/a><br><a rel=\"noreferrer noopener\" aria-label=\" (avatakse uues sakis)\" href=\"https:\/\/www.puhavaimu.ee\/\" target=\"_blank\">SA P\u00fcha Vaimu Kiriku <\/a><br><a rel=\"noreferrer noopener\" aria-label=\" (avatakse uues sakis)\" href=\"http:\/\/sauevald.ee\/\" target=\"_blank\">Saue Vallavalitsus<\/a><br><a rel=\"noreferrer noopener\" aria-label=\" (avatakse uues sakis)\" href=\"https:\/\/www.viimsivald.ee\/\" target=\"_blank\">Viimsi Vallavalitsus<\/a><br><a rel=\"noreferrer noopener\" aria-label=\" (avatakse uues sakis)\" href=\"http:\/\/maardu.kovtp.ee\/\" target=\"_blank\">Maardu Linnavalitsus<\/a><br><a rel=\"noreferrer noopener\" aria-label=\" (avatakse uues sakis)\" href=\"https:\/\/www.tallinn.ee\/est\/linnamae\/\" target=\"_blank\">Tallinna Linnam\u00e4e Lasteaed<\/a><br><a rel=\"noreferrer noopener\" aria-label=\" (avatakse uues sakis)\" href=\"http:\/\/www.autism.ee\/\" target=\"_blank\">MT\u00dc P\u00f5hja-Eesti Autismi Liit<\/a><br><a rel=\"noreferrer noopener\" aria-label=\" (avatakse uues sakis)\" href=\"http:\/\/yestakso.ee\/\" target=\"_blank\">Yes takso<\/a><br>FIE \u00dclo Kraus<\/p>\n","protected":false},"excerpt":{"rendered":"<p>Anija VallavalitsusCarAutoRent O\u00dcEELK Inglitiib lapsehoid FIE \u00d5ie KiisJ\u00f5el\u00e4htme VallavalitsusKeila LinnavalitsusKiili VallavalitsusKose VallavalitsusKuusalu VallavalitsusMT\u00dc ALUSMT\u00dc Hoolin SinustMT\u00dc LaNoorMT\u00dc MurziMT\u00dc M\u00e4nnirahu M\u00f5ttemajaMT\u00dc Tln Erivajadustega laste ja noorte tugi\u00fchingO\u00dc Kollane KaruO\u00dc BoltRaasiku VallavalitsusSA P\u00fcha Vaimu Kiriku Saue VallavalitsusViimsi VallavalitsusMaardu LinnavalitsusTallinna Linnam\u00e4e LasteaedMT\u00dc P\u00f5hja-Eesti Autismi LiitYes taksoFIE \u00dclo Kraus<\/p>\n","protected":false},"author":1,"featured_media":0,"parent":0,"menu_order":4,"comment_status":"closed","ping_status":"closed","template":"","meta":{"footnotes":""},"class_list":["post-48","page","type-page","status-publish","hentry"],"_links":{"self":[{"href":"https:\/\/estodiac.eu\/eestidiakoonia\/wp-json\/wp\/v2\/pages\/48","targetHints":{"allow":["GET"]}}],"collection":[{"href":"https:\/\/estodiac.eu\/eestidiakoonia\/wp-json\/wp\/v2\/pages"}],"about":[{"href":"https:\/\/estodiac.eu\/eestidiakoonia\/wp-json\/wp\/v2\/types\/page"}],"author":[{"embeddable":true,"href":"https:\/\/estodiac.eu\/eestidiakoonia\/wp-json\/wp\/v2\/users\/1"}],"replies":[{"embeddable":true,"href":"https:\/\/estodiac.eu\/eestidiakoonia\/wp-json\/wp\/v2\/comments?post=48"}],"version-history":[{"count":0,"href":"https:\/\/estodiac.eu\/eestidiakoonia\/wp-json\/wp\/v2\/pages\/48\/revisions"}],"wp:attachment":[{"href":"https:\/\/estodiac.eu\/eestidiakoonia\/wp-json\/wp\/v2\/media?parent=48"}],"curies":[{"name":"wp","href":"https:\/\/api.w.org\/{rel}","templated":true}]}}