{"id":42,"date":"2019-05-15T08:50:50","date_gmt":"2019-05-15T08:50:50","guid":{"rendered":"https:\/\/estodiac.eu\/eestidiakoonia\/?page_id=42"},"modified":"2019-12-12T07:51:39","modified_gmt":"2019-12-12T07:51:39","slug":"dokumendid","status":"publish","type":"page","link":"https:\/\/estodiac.eu\/eestidiakoonia\/dokumendid\/","title":{"rendered":"Dokumendid"},"content":{"rendered":"\n<a href=\"https:\/\/estodiac.eu\/eestidiakoonia\/dokumendid\/pohikiri\/\">P\u00f5hikiri<\/a>\n\n\n\n<p><\/p>\n\n\n\n<a href=\"https:\/\/estodiac.eu\/eestidiakoonia\/dokumendid\/majandusaasta-aruanded\/\">Majandusaasta aruanded<\/a>\n\n\n\n<p><\/p>\n\n\n\n<a href=\"https:\/\/estodiac.eu\/eestidiakoonia\/dokumendid\/vabauhenduste-eetikakoodeks\/\">Vaba\u00fchendusate eetikakoodeks<\/a>\n\n\n\n<p><\/p>\n\n\n\n<a href=\"https:\/\/estodiac.eu\/eestidiakoonia\/dokumendid\/arengukava\/\">Arengukava<\/a>\n\n\n\n<p><\/p>\n\n\n\n<a href=\"https:\/\/estodiac.eu\/eestidiakoonia\/dokumendid\/tugiisiku-aruande-naidis\/\">Tugiisiku aruande n\u00e4idis<\/a>\n\n\n\n<h2 class=\"wp-block-heading\"><\/h2>\n\n\n\n<div class=\"wp-block-file\"><a href=\"https:\/\/estodiac.eu\/eestidiakoonia\/wp-content\/uploads\/2019\/12\/Eesti-Diakoonia-tegevuskava-2020.pdf\">Eesti Diakoonia tegevuskava 2020<\/a><a href=\"https:\/\/estodiac.eu\/eestidiakoonia\/wp-content\/uploads\/2019\/12\/Eesti-Diakoonia-tegevuskava-2020.pdf\" class=\"wp-block-file__button\" download>Laadi alla<\/a><\/div>\n","protected":false},"excerpt":{"rendered":"<p>P\u00f5hikiri Majandusaasta aruanded Vaba\u00fchendusate eetikakoodeks Arengukava Tugiisiku aruande n\u00e4idis<\/p>\n","protected":false},"author":1,"featured_media":0,"parent":0,"menu_order":2,"comment_status":"closed","ping_status":"closed","template":"","meta":{"footnotes":""},"class_list":["post-42","page","type-page","status-publish","hentry"],"_links":{"self":[{"href":"https:\/\/estodiac.eu\/eestidiakoonia\/wp-json\/wp\/v2\/pages\/42","targetHints":{"allow":["GET"]}}],"collection":[{"href":"https:\/\/estodiac.eu\/eestidiakoonia\/wp-json\/wp\/v2\/pages"}],"about":[{"href":"https:\/\/estodiac.eu\/eestidiakoonia\/wp-json\/wp\/v2\/types\/page"}],"author":[{"embeddable":true,"href":"https:\/\/estodiac.eu\/eestidiakoonia\/wp-json\/wp\/v2\/users\/1"}],"replies":[{"embeddable":true,"href":"https:\/\/estodiac.eu\/eestidiakoonia\/wp-json\/wp\/v2\/comments?post=42"}],"version-history":[{"count":0,"href":"https:\/\/estodiac.eu\/eestidiakoonia\/wp-json\/wp\/v2\/pages\/42\/revisions"}],"wp:attachment":[{"href":"https:\/\/estodiac.eu\/eestidiakoonia\/wp-json\/wp\/v2\/media?parent=42"}],"curies":[{"name":"wp","href":"https:\/\/api.w.org\/{rel}","templated":true}]}}