{"id":32,"date":"2019-05-15T08:48:07","date_gmt":"2019-05-15T08:48:07","guid":{"rendered":"https:\/\/estodiac.eu\/eestidiakoonia\/?page_id=32"},"modified":"2019-05-16T07:16:53","modified_gmt":"2019-05-16T07:16:53","slug":"tugiisik","status":"publish","type":"page","link":"https:\/\/estodiac.eu\/eestidiakoonia\/teenused\/tugiisik\/","title":{"rendered":"Tugiisik"},"content":{"rendered":"\n<h3 class=\"wp-block-heading\">Tugiisikuteenus <\/h3>\n\n\n\n<h4 class=\"wp-block-heading\">1. <strong>Teenuse eesm\u00e4rk <\/strong><\/h4>\n\n\n\n<p>Lapsele tugiisikuteenuse osutamise eesm\u00e4rk on koost\u00f6\u00f6s last\nkasvatava isikuga lapse ea- v\u00f5i v\u00f5imetekohase arengu toetamine ja vajadusel\nhooldustoimingute sooritamine. Teenust pakkudes tuleb sotsiaalse t\u00f5rjutuse\nennetamiseks ja leevendamiseks tagada lapsele eakaaslastega v\u00f5rdsed v\u00f5imalused\nning v\u00e4hendada lapsevanemate hoolduskoormust, andes neile v\u00f5imalusi t\u00f6\u00f6h\u00f5ives\nosalemiseks.&nbsp; <\/p>\n\n\n\n<h4 class=\"wp-block-heading\">2. <strong>Teenuse kirjeldus <\/strong><\/h4>\n\n\n\n<p>Teenuse sisuks on lapse juhendamine, abistamine ja\nj\u00f5ustamine last arendavates tegevustes, kohustuste t\u00e4itmisel, \u00f5iguste\nteostamisel ja\/v\u00f5i keerulise olukorraga toimetulekul. Tugiisik abistab last\narendavate tegevuste l\u00e4biviimisel, \u00f5petab ja julgustab igap\u00e4evaelus toime\ntulema. Tugiisik v\u00f5ib vajadusel olla ka lapsele saatjaks. Tugiisik abistab ja\nmotiveerib last \u00f5ppimisel ning aitab suhelda nii perekonnaliikmetega kui ka\nisikutega v\u00e4ljaspool kodu. <\/p>\n\n\n\n<p>Tulenevalt lapse east ja arengulisest v\u00f5imekusest v\u00f5ib\ntugiisik olla lapsele teabe vahendaja asjaajamistes, abistaja \u00f5ppimises,\ntoetaja vajalike suhtluskontaktide loomisel, emotsionaalse toe pakkuja,\nasjakohaste ja toetavate kogemuste jagaja, igap\u00e4evatoimingutes juhendada jms.\nTugiisikuteenust korraldatakse igale lapsele individuaalselt. Tugiisiku t\u00f6\u00f6\nsisu, \u00fclesanded ja korraldus on lapse vajadustest s\u00f5ltuvalt erinev. Tugiisiku\nt\u00e4psed t\u00f6\u00f6\u00fclesanded kirjeldatakse tugiisikuga s\u00f5lmitavas lepingus.&nbsp; <\/p>\n\n\n\n<p>Tugiisiku tegevused ning Teenuse osutamise aeg ja koht on\neelnevalt lapsevanemaga kokku lepitud. Teenuse osutamine toimub ainult lapse\nseadusliku esindaja teadmisel ja n\u00f5usolekul. Lepinguliste tegevuste korrektseks\nt\u00e4itmiseks annab lapsevanem \u00fclevaate lapse tervisliku seisundi, raviskeemi,\np\u00e4evakava, harjumusp\u00e4rase k\u00e4itumise, sh pere tavade ja v\u00e4\u00e4rtuste, emotsionaalse\nv\u00e4ljendusvormide, meelis- ja h\u00e4irivate tegevuste jm vajaliku teabe kohta. <\/p>\n\n\n\n<p>Lapse tugiisik tegeleb ainult lapsega. Tugiisiku \u00fclesanne\non koost\u00f6\u00f6s lapse vanemaga\/seadusliku esindajaga toetada lapse igak\u00fclgset\narengut ja toimetulekut. Lapse v\u00f5imete maksimaalseks arendamiseks on oluline,\net tugiisik keskendub eelk\u00f5ige lapse juhendamisele ja abistamisele ning\nvajadusel teeb koost\u00f6\u00f6d last \u00fcmbritseva pere- ja spetsialistide (kohalik\nomavalitsus, haridus-, hoolekande- ja meditsiiniasutused jt) v\u00f5rgustikuga. <\/p>\n\n\n\n<p>Lapsega t\u00f6\u00f6tav tugiisik:&nbsp;&nbsp;&nbsp;\n<\/p>\n\n\n\n<ul class=\"wp-block-list\"><li>\u00f5petab last enda eest hoolitsema;<\/li><li>julgustab\nigap\u00e4evaelus toime tulema; <\/li><li>aitab kaasa sotsiaalsete suhete ning\nkontaktide loomisele ja arendamisele;<\/li><li>aitab kaasa lapse t\u00f6\u00f6oskuste arendamisele\nja t\u00f6\u00f6harjumuse kujundamisele; <\/li><li>abistab\nning juhendab last haridusasutuses arendus- ja \u00f5ppeprotsessis osalemisel;<\/li><li>loob\nturvalise keskkonna; <\/li><li>aitab\nluua tingimused v\u00f5imalikult iseseisvaks toimetulekuks. <\/li><\/ul>\n\n\n\n<h4 class=\"wp-block-heading\">3. Seotud Teenused <\/h4>\n\n\n\n<p>Laps v\u00f5ib saada samaaegselt mitut erinevat Teenust, aga\nvahetult teenuseid osutav f\u00fc\u00fcsiline isik ei v\u00f5i olla \u00fcks ja sama isik.&nbsp; Lapse tugiisik v\u00f5ib osutada lapsele muid\nTeenuseid juhul, kui tal on selleks sobiv ettevalmistus. Selliste teenuste\nosutamine tugiisiku poolt ei v\u00f5i olla samaaegne tugiisikuteenuse\nosutamisega.&nbsp; <\/p>\n\n\n\n<h4 class=\"wp-block-heading\">4. Teenuse osutamise aeg <\/h4>\n\n\n\n<p>Tugiisikuteenust osutatakse \u00fcksnes p\u00e4evasel ajal, kui laps\nvajab \u00fcldjuhul k\u00f5ige enam juhendamist, abistamist ja toetust. P\u00e4evaseks ajaks\nloetakse k\u00e4esoleva Teenuse puhul aega alates kella 7.00 hommikul kuni 21.00\n\u00f5htul. T\u00e4psem Teenuse pakkumise aeg fikseeritakse Teenuselepingus. <\/p>\n\n\n\n<h4 class=\"wp-block-heading\">5. Tugiisikuteenus lapse kodus <\/h4>\n\n\n\n<p>Lapsevanem annab teada kodustest reeglitest ja kokkulepetest (s\u00f6\u00f6mise ja magamise kohad ning ajad, nutiseadmete kasutamine, televiisori vaatamise ajad, keelatud tegevused jms.)<\/p>\n\n\n\n<ul class=\"wp-block-list\"><li>Tugiisik kasutab lapse kodus olevaid esemeid ja vahendeid heaperemehelikult.<\/li><li>Tugiisik ei ole \u00fcldjuhul lapsega kodus lapse haiguse ajal. Erijuhud on eelnevalt kokku lepitud (tugiisiku-lapsevanema-rahastaja omavahelises lepingus).<\/li><li>Tugiisiku t\u00f6\u00f6\u00fclesannete hulka ei kuulu pere teiste laste hoidmine, hooldamine, \u00f5petamine ega muude Teenuste osutamine.<\/li><li>Tugiisiku t\u00f6\u00f6\u00fclesannete hulka ei kuulu s\u00f6\u00f6gi ja majapidamist\u00f6\u00f6de tegemine (pesu pesemine, triikimine, koristamine jne) v\u00e4lja arvatud juhud, kui need tegevused kuuluvad lapsega seotud igap\u00e4evategevuste juurde \u2013 n\u00e4iteks lapse juhendamine igap\u00e4eva tegemistes. <\/li><\/ul>\n\n\n\n<h4 class=\"wp-block-heading\">6. Tugiisikuteenus haridusasutuses <\/h4>\n\n\n\n<p>Lapse erivajadustest tingitud personaalne abistamine\nharidusasutuses v\u00f5ib olla korraldatud nii haridusasutuse tugipersonali kui\ntugiisikuteenuse kaudu. <\/p>\n\n\n\n<p>Koolieelse lasteasutuse erir\u00fchmades ja erivajadustega laste\nkoolis kuuluvad p\u00f5hipersonali hulka lisaks \u00f5petajatele ka erinevad\ntugispetsialistid. Lapsele t\u00e4iendavalt tugiisiku m\u00e4\u00e4ramine toimub sellisel\njuhul ainult erijuhtudel. <\/p>\n\n\n\n<p>Teenuse vajaduse hindamine toimub juhtumip\u00f5hiselt.\nHaridusliku erivajaduse hindamiseks, sh tugiisiku \u00f5pikeskkonnas kaasamise\nvajaduse t\u00e4psustamiseks ja sobilike hariduslike meetmete soovitamiseks on\nlapsevanemal v\u00f5imalus p\u00f6\u00f6rduda \u00f5ppen\u00f5ustamise teenusele. <\/p>\n\n\n\n<p>Haridusasutuses\nlast juhendav ja abistav tugiisik kaastakse last toetavate spetsialistide <\/p>\n\n\n\n<p>(\u00f5petajad,\ntugipersonal jt) v\u00f5rgustikku. V\u00f5rgustiku koost\u00f6\u00f6s t\u00e4psustatakse erinevate\nosapoolte ootused koost\u00f6\u00f6le ning m\u00e4\u00e4ratletakse rollid (kohustused, vastutus,\n\u00f5igused, vajalikud ajam\u00e4\u00e4rad jms). \u00dchiselt arutatakse l\u00e4bi ootused koost\u00f6\u00f6le,\nm\u00e4\u00e4ratletakse tugiisiku roll meeskonnaliikmena, lepitakse kokku t\u00f6\u00f6\u00fclesanded,\nvastutus ja \u00f5igused. Haridusasutuses k\u00e4iva lapse puhul teavitab \u00f5petaja v\u00f5i\nlapsevanem tugiisikut lapse individuaalses arenduskavas v\u00f5i arenguvestlusel\nkokku lepitud olulistest eesm\u00e4rkidest ja tegevustest. <\/p>\n\n\n\n<p>Koost\u00f6\u00f6s\nteavitatakse ja juhendatakse tugiisikut lapse arengu toetamiseks vajalikest\ntoimingutest, mis on vanemaga t\u00e4psustatud lapse arenguvestlusel ning\nfikseeritud lapse individuaalses arenduskavas. <\/p>\n\n\n\n<p>Tugiisikuteenuse pakkumisel haridusasutuses tuleb\narvestada, et: <\/p>\n\n\n\n<ul class=\"wp-block-list\"><li>lapse\ntugiisik tegeleb ainult lepingu alusel m\u00e4\u00e4ratud lapse (kokkulepitud\ntingimustel) toetamisega ning ta ei saa samal ajal pakkuda tugiisikuteenust\nkahele v\u00f5i enamale lapsele; <\/li><li>laps\nkaasatakse k\u00f5ikidesse ea- ja j\u00f5ukohastesse tegevustesse ning tugiisikuteenusel\nolevat last ei eraldata eakaaslaste tegevusest tema erivajaduse t\u00f5ttu; <\/li><li>juhul\nkui laps vajab tegevustest, sh kollektiivist eemaldamist tegutseb tugiisik\neelnevalt&nbsp; v\u00f5rgustikukoost\u00f6\u00f6s\nkokkulepitud tegevuskava alusel; <\/li><li>tugiisik\ntoetab last \u00f5ppeprotsessis (kuulab \u00f5petaja korraldusi ja juhendab vajadusel),\nta ei vastuta lapse \u00f5ppeprotsessi korralduse ja \u00f5pitulemuste eest; <\/li><li>tugiisikul\npuudub \u00f5igus t\u00e4ita \u00f5petajaabi v\u00f5i abi\u00f5petaja rolli, ta ei tohi tugiisikuteenust\npakkudes juhendada r\u00fchma v\u00f5i klassi. <\/li><\/ul>\n\n\n\n<h4 class=\"wp-block-heading\">7. Tugiisikuteenus vabaaja veetmisel,\nhuvitegevuses, terviseasutuses jms <\/h4>\n\n\n\n<p>Tugiisik v\u00f5ib lapsele olla saatjaks ka vabaaja veetmisel,\nhuvitegevuses, terviseasutuses v\u00f5i muudes avalikes kohtades, kus laps vajab\nlisatuge. Tugiisik v\u00f5ib lapsega suhtlemiseks kasutada ka\ntelekommunikatsioonivahendeid, kui see on eelnevalt lapsevanemaga kokku\nlepitud. Teenusega seotud kulutusi &#8211; kino, muuseumi, teatri v\u00f5i muud piletid;\n\u00fchekordsed transpordivahendi kasutamisega seotud kulutused jms h\u00fcvitab\nlapsevanem v\u00f5i Teenuse tellija (n\u00e4iteks kohalik omavalitsuse \u00fcksus). Rahaline\nmaht ja arveldamise kord peavad olema eelnevalt osapoolte vahel kokku lepitud\nning lepingus fikseeritud. <\/p>\n\n\n\n<p>Oluline on infovahetus lapsevanemaga &#8211;&nbsp; lapse edusammudest v\u00f5i ettetulnud\nprobleemsetest olukordadest v\u00e4ljaspool kodu viibitud ajal. <\/p>\n\n\n\n<h4 class=\"wp-block-heading\"><strong>8.<\/strong><strong> <\/strong><strong>Tugiisik lapse saatjana transpordis,\nliikluses jms.&nbsp; <\/strong><\/h4>\n\n\n\n<p>Linnaruumis v\u00f5i\nliikluses osalemine toimub lapsevanema ja tugiisiku omavahelisel kokkuleppel. <\/p>\n\n\n\n<p>Tugiisik\nvastutab lapse heaolu ja turvalisuse eest transpordivahendisse sisenemisel,\nselle kasutamisel ja v\u00e4ljumisel.&nbsp; <\/p>\n\n\n\n<p>Vastavalt\n\u00fchistranspordi seaduse \u00a7 34 on puudega lapsele ette n\u00e4htud tasuta s\u00f5it\nriigisisesel liinil (kaasa arvatud kommertsliin) raudtee-, maantee- ja\nveeliikluses. S\u00f5idusoodustusele \u00f5igust omav isik peab \u00fchiss\u00f5iduki juhi v\u00f5i muu\nkontrollimis\u00f5igusega ametiisiku n\u00f5udmisel esitama s\u00f5idusoodustuse \u00f5igust\nt\u00f5endava dokumendi. \u00dchistranspordi seadus \u00a7 36 s\u00e4testab s\u00f5idusoodustused ka\npuudega lapse saatjale, mis v\u00f5ib olla kuni 100 protsenti pileti t\u00e4ishinnast.\nSoodustuse ulatuse m\u00e4\u00e4rab kas linna\u2013 v\u00f5i vallavolikogu v\u00f5i veeliikluse\nvaldkonna eest vastutav minister. <\/p>\n\n\n\n<h4 class=\"wp-block-heading\">9. Teenuse\nosutaja&nbsp; <\/h4>\n\n\n\n<p>Teenuse osutaja\nv\u00f5ib olla f\u00fc\u00fcsilisest isikust ettev\u00f5tja, juriidiline isik, kohaliku\nomavalitsuse \u00fcksus ja riik t\u00e4idesaatva riigiv\u00f5imu asutuste kaudu. Teenuse\ntulemuslikkuse huvides on oluline, et tugiisik ja Teenusesaaja (laps) omavahel\nsobiksid, seet\u00f5ttu on Teenusesaajal \u00f5igus enne lepingu s\u00f5lmimist tugiisikuga kohtuda.&nbsp; <\/p>\n\n\n\n<p>Teenuse osutaja: <\/p>\n\n\n\n<ul class=\"wp-block-list\"><li>korraldab tugiisikute otsimist, v\u00e4rbamist,\nettevalmistust, t\u00f6\u00f6le asumist ning igap\u00e4evast t\u00f6\u00f6d; <\/li><li>loob kontakti haridusasutusega ning\nselgitab sealsetele t\u00f6\u00f6tajatele Teenuse osutamisega seotud tingimusi; <\/li><li>aitab lahendada tugiisikutel igap\u00e4evat\u00f6\u00f6s\ntekkinud k\u00fcsimusi.&nbsp;&nbsp; <\/li><\/ul>\n\n\n\n<p>Teenuse\nkorraldamise eest vastutavad isikud hoiavad kontakti kohaliku omavalitsuse\n\u00fcksuse sotsiaalt\u00f6\u00f6tajaga (kes on lapse juhtumikorraldaja), annavad tagasisidet Teenuse\nosutamise kohta (tegevused, eesm\u00e4rkide t\u00e4itmine, vajaduse muutus jms.)&nbsp;&nbsp; <\/p>\n\n\n\n<h4 class=\"wp-block-heading\">10. N\u00f5uded personalile <\/h4>\n\n\n\n<p>Tugiisik vastab\nsoovituslikult j\u00e4rgmistele n\u00f5uetele: <\/p>\n\n\n\n<ul class=\"wp-block-list\"><li>t\u00e4isealine isik; <\/li><li>l\u00e4binud tugiisiku koolituse ja\/v\u00f5i t\u00f6\u00f6tanud eelnevalt Teenuse sihtgrupiga;<\/li><li>sobib Teenuse saajaga. <\/li><\/ul>\n\n\n\n<p>Tugiisikut\u00f6\u00f6s on\nv\u00e4ga olulised isikuomadused ja suhtlemisoskus. Kasuks tuleb rahulikkus, oskus\nkuulata ja realistlikke eesm\u00e4rke seada, tunnustamisoskus ja optimism.&nbsp; <\/p>\n\n\n\n<p>Tugiisik peab\nl\u00e4bima korrap\u00e4rase tervisekontrolli nakkushaiguste suhtes, sealhulgas iga kahe\naasta j\u00e4rel kopsude r\u00f6ntgenuuringu ja tal peab olema tervisekontrolli l\u00e4bimise\nkohta perearsti poolt v\u00e4ljastatud terviset\u00f5end, kui tema t\u00f6\u00f6tamise asukoht on\nlasteasutuses (n\u00e4iteks lasteaed v\u00f5i kool). T\u00f6\u00f6tamise ajal vastutab kehtiva\nterviset\u00f5endi olemasolu eest t\u00f6\u00f6andja. <\/p>\n\n\n\n<p>Tugiisik oskab\nn\u00e4ha erivajadusega last tervikuna ja suhelda lapse ning tema pere ja\nl\u00e4hedastega. Teab oma vastutust lapse ohutuse ja turvalisuse eest ning tegutseb\nvastavalt olukorrale. Peab kinni vastastikuse usalduse, lugupidamise ja\nkonfidentsiaalsuse p\u00f5him\u00f5tetest. <\/p>\n\n\n\n<p>Teenust ei tohi\nvahetult osutada isik (alus sotsiaalhoolekande seaduse \u00a7 25): <\/p>\n\n\n\n<ul class=\"wp-block-list\"><li>kes on s\u00fc\u00fcdi m\u00f5istetud tahtlikult toimepandud kuriteo eest (Teenuseosutaja- v\u00f5i korraldaja kontrollib andmeid karistusregistrist);<\/li><li>kes on Teenuse saaja ema\/isa v\u00f5i vanaema\/vanaisa; <\/li><li>kes elab alaliselt v\u00f5i p\u00fcsivalt samas eluruumis Teenuse saajaga. <\/li><\/ul>\n\n\n\n<p>Tugiisik peab\nvastama sotsiaalhoolekande seaduse \u00a7 129 l\u00f5ige 1 punktides 3-6 s\u00e4testatud\ntingimustele: <\/p>\n\n\n\n<ul class=\"wp-block-list\"><li>temalt ei ole perekonnaseaduses s\u00e4testatud alustel hooldus\u00f5igust \u00e4ra v\u00f5etud v\u00f5i seda ei ole piiratud; <\/li><li>teda ei ole k\u00f5rvaldatud eestkostja ega hooldaja kohustuste t\u00e4itmisest; <\/li><li>ta vastab lastekaitseseaduse \u00a7 20 s\u00e4testatud n\u00f5uetele (lg 5), mille kohaselt lapsega ei tohi t\u00f6\u00f6tada isik, keda on karistatud v\u00f5i kellele on kohaldatud sundravi:<br>a) karistusseadustiku \u00a7-des 113, 114, 116, 133-133\u00b3, 141-145\u00b9, 175, 175\u00b9 v\u00f5i 178-179 s\u00e4testatud kuriteo eest;<br>b) karistusseadustiku \u00a7-des 118, 121, 122, \u00a7 134 l\u00f5ike 2 punktis 2, \u00a7 135 l\u00f5ikes 2, \u00a7 136 l\u00f5ikes 2, \u00a7 138<sup>1<\/sup> l\u00f5ike 2 punktis 2, \u00a7 140 l\u00f5ikes 2 v\u00f5i \u00a7des 172\u2013174, 180, 182, 182<sup>1<\/sup>, 185, 187 v\u00f5i \u00a7 200 l\u00f5ike 2 punktis 4 v\u00f5i 5 s\u00e4testatud kuriteo eest;<\/li><li>tal ei ole s\u00f5ltuvust alkoholist,\nnarkootikumidest ega ps\u00fchhotroopsetest ainetest. <\/li><\/ul>\n","protected":false},"excerpt":{"rendered":"<p>Tugiisikuteenus 1. Teenuse eesm\u00e4rk Lapsele tugiisikuteenuse osutamise eesm\u00e4rk on koost\u00f6\u00f6s last kasvatava isikuga lapse ea- v\u00f5i v\u00f5imetekohase arengu toetamine ja vajadusel hooldustoimingute sooritamine. Teenust pakkudes tuleb sotsiaalse t\u00f5rjutuse ennetamiseks ja leevendamiseks tagada lapsele eakaaslastega v\u00f5rdsed v\u00f5imalused ning v\u00e4hendada lapsevanemate hoolduskoormust, andes neile v\u00f5imalusi t\u00f6\u00f6h\u00f5ives osalemiseks.&nbsp; 2. Teenuse kirjeldus Teenuse sisuks on lapse juhendamine, abistamine ja [&hellip;]<\/p>\n","protected":false},"author":1,"featured_media":0,"parent":30,"menu_order":0,"comment_status":"closed","ping_status":"closed","template":"","meta":{"footnotes":""},"class_list":["post-32","page","type-page","status-publish","hentry"],"_links":{"self":[{"href":"https:\/\/estodiac.eu\/eestidiakoonia\/wp-json\/wp\/v2\/pages\/32","targetHints":{"allow":["GET"]}}],"collection":[{"href":"https:\/\/estodiac.eu\/eestidiakoonia\/wp-json\/wp\/v2\/pages"}],"about":[{"href":"https:\/\/estodiac.eu\/eestidiakoonia\/wp-json\/wp\/v2\/types\/page"}],"author":[{"embeddable":true,"href":"https:\/\/estodiac.eu\/eestidiakoonia\/wp-json\/wp\/v2\/users\/1"}],"replies":[{"embeddable":true,"href":"https:\/\/estodiac.eu\/eestidiakoonia\/wp-json\/wp\/v2\/comments?post=32"}],"version-history":[{"count":0,"href":"https:\/\/estodiac.eu\/eestidiakoonia\/wp-json\/wp\/v2\/pages\/32\/revisions"}],"up":[{"embeddable":true,"href":"https:\/\/estodiac.eu\/eestidiakoonia\/wp-json\/wp\/v2\/pages\/30"}],"wp:attachment":[{"href":"https:\/\/estodiac.eu\/eestidiakoonia\/wp-json\/wp\/v2\/media?parent=32"}],"curies":[{"name":"wp","href":"https:\/\/api.w.org\/{rel}","templated":true}]}}