{"id":30,"date":"2019-05-15T08:47:21","date_gmt":"2019-05-15T08:47:21","guid":{"rendered":"https:\/\/estodiac.eu\/eestidiakoonia\/?page_id=30"},"modified":"2019-05-28T08:24:09","modified_gmt":"2019-05-28T08:24:09","slug":"teenused","status":"publish","type":"page","link":"https:\/\/estodiac.eu\/eestidiakoonia\/teenused\/","title":{"rendered":"Teenused"},"content":{"rendered":"\n<p><strong>Puudega laste tugiteenused <\/strong><\/p>\n\n\n\n<div class=\"wp-block-media-text alignwide has-media-on-the-right width: 187px\" style=\"grid-template-columns:auto 33%\"><figure class=\"wp-block-media-text__media\"><img loading=\"lazy\" decoding=\"async\" width=\"187\" height=\"99\" src=\"https:\/\/estodiac.eu\/eestidiakoonia\/wp-content\/uploads\/2019\/05\/el_sotsiaalfond_horisontaalne.jpg\" alt=\"\" class=\"wp-image-128\"\/><\/figure><div class=\"wp-block-media-text__content\">\n<p>Euroopa Sotsiaalfondi 2014-2020 meetme \u201eT\u00f6\u00f6turul osalemist toetavad hoolekandeteenused\u201c raames elluviidava projekti \u201ePuudega laste tugiteenuste arendamine ja pakkumine ning t\u00f6\u00f6- ja pereelu \u00fchildamise soodustamine\u201c tegevus \u201ePuudega laste tugiteenuste arendamine ja pakkumine\u201c.<\/p>\n<\/div><\/div>\n\n\n\n<p><strong>Eesm\u00e4rk:<\/strong>&nbsp;arendada ja pakkuda raske ja s\u00fcgava puudega lastele suunatud tugiteenuseid &#8211;&nbsp;lapsehoid, tugiisik ning toetava teenusena transporti &#8211; nii et teenused oleksid k\u00e4ttesaadavad k\u00f5igile, kelle teenusevajadus on hinnatud kohaliku omavalitsus\u00fcksuse lastekaitse- v\u00f5i sotsiaalt\u00f6\u00f6 spetsialisti poolt (eeldab juhtumiplaani tegevuskava olemasolu STAR-is).<\/p>\n\n\n\n<p><strong>Sihtgrupp:&nbsp;<\/strong>raske ja s\u00fcgava puudega 0-17 (k.a) aastased lapsed<\/p>\n\n\n\n<p><strong>Rahastus:<\/strong>&nbsp;ESF perioodiks 2014-2020 on \u201ePuudega laste tugiteenuste arendamiseks ja pakkumiseks\u201c arvestatud 31 974 592 eurot ja riiklik kaasfinantseering 5 642 575 eurot mis teeb kokku 37 617 168 eurot<\/p>\n\n\n\n<p><strong>Kestus:<\/strong>&nbsp;01.09.2014-31.12.2020<\/p>\n\n\n\n<p><strong>Tegevused:<\/strong>&nbsp;Projekti raames arendatakse ja pakutakse lapsehoiu- ja tugiisiku teenust ning toetava teenusena transpordi teenust suure hooldusvajadusega raske ja s\u00fcgava puudega 0\u201317-aastastele lastele (Lastekaitseseaduse \u00a7 3 lg 2 s\u00e4testab lapseealiseks alla 18-aastast isikut).<\/p>\n\n\n\n<p>Teenuseid on \u00f5igus taotleda&nbsp;raske ja s\u00fcgava puudega lapse seaduslikul esindajal (lapsevanem ja eestkostja) v\u00f5i lapse perekonnas hooldajal, kelle enda ja lapse elukohana on registreeritud Eesti Vabariik.<\/p>\n\n\n\n<p>Teenuste taotlemine algab kohalikust omavalitsuse \u00fcksusest&nbsp;(KOV). Lapse seaduslik esindaja peab k\u00f5igepealt p\u00f6\u00f6rduma elukohaj\u00e4rgse kohaliku omavalitsuse \u00fcksuse poole, kus vanemale selgitatakse KOV-i korraldatavate (riik eraldab igal aastal l\u00e4bi toetusfondi kohalikele omavalitsus\u00fcksustele rahalisi vahendeid tugiteenuste osutamiseks) teenuste saamise tingimusi ja korda ning lisarahastamise (Sotsiaalkindlustusameti ESF-rahastus) v\u00f5imalusi. Raske ja s\u00fcgava puudega laste puhul peab KOV hindama teenuse vajaduse iga lapse puhul individuaalselt. Teenuse vajadus hinnatakse kohaliku omavalitsuse \u00fcksuse poolt ja fikseeritakse lapse juhtumiplaani tegevuskavas. Teenuse vajaduse hindamisel vestleb lastekaitset\u00f6\u00f6taja lapsevanemaga ning hindab teenuse vajadust sobiliku hindamisvahendi toel (n\u00e4iteks lapse heaolu k\u00e4siraamat). Lisaks on KOV t\u00f6\u00f6tajal \u00f5igus juurde k\u00fcsida taotlejalt t\u00e4iendavaid dokumente (rehabilitatsiooniplaan, haridusasutuses koostatud arenduskava) ja vestelda lapsele oluliste v\u00f5rgustikuliikmetega.<\/p>\n\n\n\n<p><strong>Teenuste saamiseks<\/strong>&nbsp;tuleb lapsevanemal t\u00e4ita&nbsp;<a href=\"https:\/\/www.sotsiaalkindlustusamet.ee\/sites\/default\/files\/content-editors\/Blanketid\/Muud\/taotlus_teenuse_saamiseks_august2017.rtf\">taotlus<\/a><em>&nbsp;(728.67 KB, RTF)<\/em>&nbsp;ja esitada digitaalallkirjastatult&nbsp;<a href=\"mailto:info@sotsiaalkindlustusamet.ee%20\">info@sotsiaalkindlustusamet.ee&nbsp;<\/a>v\u00f5i t\u00e4ita Sotsiaalkindlustusameti klienditeeninduses.<br>&nbsp;<br>Oluline on teada, et transporditeenust saab taotleda \u00fcksnes koos teiste tugiteenustega, sest teenust ei osutata eraldiseisvana haridusasutuses, rehabilitatsiooniasutuses, terviseasutuses jne k\u00e4imiseks, vaid \u00fcksnes juhtudel, kui laps on vaja edasi-tagasi transportida lapsehoiu v\u00f5i tugiisiku teenusele.<\/p>\n\n\n\n<p><strong>Menetluse pikkus:<\/strong>&nbsp;Taotlusele vastatakse 30 kalendrip\u00e4eva jooksul selle registreerimisest v\u00f5i k\u00e4tte saamisest. Erilise vajaduse korral l\u00e4htuvalt vastamise keerukusest v\u00f5ib vastamise t\u00e4htaega pikendada kuni kahe kuuni. Isikut teavitatakse vastamise t\u00e4htaja pikendamisest ja pikendamise p\u00f5hjusest.<\/p>\n\n\n\n<p>Teenuste aastaseks mahuks&nbsp;on kuni 4918 eurot kalendriaastas \u00fche lapse kohta. Osutatud teenustundide arv s\u00f5ltub teenuseosutaja poolsest hinnakirjast, aga ei v\u00f5i olla v\u00e4iksem kui 702 h teenust aastas, kui laps on \u00fcks-\u00fchele lapsehoiu v\u00f5i tugiisiku teenusel. Kui laps on hoius asutuses v\u00f5i lapsehoidja hoiab rohkem kui \u00fchte last, siis on \u00f5igus saada minimaalselt 878 teenustundi aastas.<\/p>\n\n\n\n<p>Kui laps kasutab ka transporditeenust, siis v\u00e4heneb selle v\u00f5rra tugiisiku v\u00f5i lapsehoiu teenuse maksimaalne maht.<\/p>\n\n\n\n<p>Teenuste saamiseks arvestatud aastast rahalist mahtu saab kasutada \u00fche kalendriaasta jooksul ja see j\u00e4rgmisse aastasse edasi ei kandu ning lapsevanemale seda rahas v\u00e4lja ei maksta.<\/p>\n\n\n\n<p>Teenuste saamise \u00f5igus algab alates koordinaatori poolt v\u00e4ljastatud otsuse kuup\u00e4evast ja kehtib kuni otsusel n\u00e4idatud kuup\u00e4evani. Otsused kehtivad \u00fcldjuhul kuni puude raskusastme otsuse l\u00f5ppemise kuup\u00e4evani, projekti tegevuste l\u00f5ppemiseni (31.12.2020) v\u00f5i lapse t\u00e4isealiseks saamiseni.<\/p>\n\n\n\n<p>Teenusteks ette n\u00e4htud summa eest on v\u00f5imalik teenuste osutamist taotleda \u00fcksnes Sotsiaalkindlustusameti hankepartnerite juures.<\/p>\n","protected":false},"excerpt":{"rendered":"<p>Puudega laste tugiteenused Euroopa Sotsiaalfondi 2014-2020 meetme \u201eT\u00f6\u00f6turul osalemist toetavad hoolekandeteenused\u201c raames elluviidava projekti \u201ePuudega laste tugiteenuste arendamine ja pakkumine ning t\u00f6\u00f6- ja pereelu \u00fchildamise soodustamine\u201c tegevus \u201ePuudega laste tugiteenuste arendamine ja pakkumine\u201c. Eesm\u00e4rk:&nbsp;arendada ja pakkuda raske ja s\u00fcgava puudega lastele suunatud tugiteenuseid &#8211;&nbsp;lapsehoid, tugiisik ning toetava teenusena transporti &#8211; nii et teenused oleksid k\u00e4ttesaadavad [&hellip;]<\/p>\n","protected":false},"author":1,"featured_media":0,"parent":0,"menu_order":0,"comment_status":"closed","ping_status":"closed","template":"","meta":{"footnotes":""},"class_list":["post-30","page","type-page","status-publish","hentry"],"_links":{"self":[{"href":"https:\/\/estodiac.eu\/eestidiakoonia\/wp-json\/wp\/v2\/pages\/30","targetHints":{"allow":["GET"]}}],"collection":[{"href":"https:\/\/estodiac.eu\/eestidiakoonia\/wp-json\/wp\/v2\/pages"}],"about":[{"href":"https:\/\/estodiac.eu\/eestidiakoonia\/wp-json\/wp\/v2\/types\/page"}],"author":[{"embeddable":true,"href":"https:\/\/estodiac.eu\/eestidiakoonia\/wp-json\/wp\/v2\/users\/1"}],"replies":[{"embeddable":true,"href":"https:\/\/estodiac.eu\/eestidiakoonia\/wp-json\/wp\/v2\/comments?post=30"}],"version-history":[{"count":0,"href":"https:\/\/estodiac.eu\/eestidiakoonia\/wp-json\/wp\/v2\/pages\/30\/revisions"}],"wp:attachment":[{"href":"https:\/\/estodiac.eu\/eestidiakoonia\/wp-json\/wp\/v2\/media?parent=30"}],"curies":[{"name":"wp","href":"https:\/\/api.w.org\/{rel}","templated":true}]}}