{"id":299,"date":"2020-07-26T08:12:57","date_gmt":"2020-07-26T08:12:57","guid":{"rendered":"https:\/\/estodiac.eu\/eestidiakoonia\/?page_id=299"},"modified":"2020-07-26T08:12:57","modified_gmt":"2020-07-26T08:12:57","slug":"multifilmikangelased","status":"publish","type":"page","link":"https:\/\/estodiac.eu\/eestidiakoonia\/ristivanematele\/ristivanemluse-lood\/multifilmikangelased\/","title":{"rendered":"Multifilmikangelased"},"content":{"rendered":"\n<p>Rahvusvaheline L\u00e4\u00e4nemere regiooni Interreg projekti SEMPRE (Social Empowerment in Rural Areas) raames ellu kutsutud kirikutevaheline ristivanemate v\u00e4\u00e4rtustamise t\u00f6\u00f6r\u00fchm kogus 23. m\u00e4rtsist 15. juunini 2018 ristivanemluse teemalisi lugusid.<\/p>\n\n\n\n<hr class=\"wp-block-separator\"\/>\n\n\n\n<p><strong>Multifilmikangelased (minu ristilapsed)<\/strong><\/p>\n\n\n\n<p>Ei ole vist maailmas palju lapsi, keda oleks \u00f5nnistatud nimedega humoorikast multifilmist \u201eK\u00e4sna Kalle Kantp\u00fcks\u201c, kuid just selliseid nimesid &#8211; Patrick ja P\u00e4rl &#8211; kannavad minu ristilapsed. Tagantj\u00e4rgi on raske \u00f6elda ja hinnata, kas vanematele kinnistusid need nimed ohtrast eelpoolmainitud telesaate, mille tegevus toimub vee all, vaatamisest v\u00f5i sooviti neile lastele juba esimesi samme tehes elus erilisus kaasa anda, aga erilised nad kindlasti on.<\/p>\n\n\n\n<p>Kui multifilmis ei paista merit\u00e4ht Patrick silma erilise nutikusega ja P\u00e4rl on hellitatud kalat\u00fcdruk, siis siinses elus ilmutas minu Patrick suurt nutikust ja leidlikust juba v\u00e4ga varajases nooruses ning P\u00e4rli \u00fcsna esimesed lemmikm\u00e4nguasjad olid k\u00fchvel, hari ja p\u00f5randalapp. Seega on nad t\u00e4psed vastandid nende nimekaimudele sinisel ekraanil.<\/p>\n\n\n\n<p>Ristivanemaks valituks olemist, saamist v\u00f5i hakkamist v\u00f5iks lugeda esimeseks jumalikuks s\u00fcndmuseks ristilaste teekonnal. V\u00f5ib ju k\u00fcll \u00f6elda ja m\u00f5elda, et t\u00e4nap\u00e4eva ratsionaalses maailmas valivad laste isad-emad oma pesamunadele &#8211; olgu nad siis vasts\u00fcndinud beebid v\u00f5i juba vanemad &#8211; ristivanemad enamasti t\u00e4iesti pragmaatilistest aspektidest l\u00e4htudes. Mina nii ei arva.<\/p>\n\n\n\n<p>On sagedane, (otseselt v\u00f5i kaudselt oli ka minul nii) et leerikooli sattuvad inimesed soovist laulatada abielu v\u00f5i neile pakutakse sugulase lastele ristivanemaks hakkamist. Ristivanemate ja ristilaste teel on see jumalik juhatus. K\u00f5igi nende jaoks on ja oli Jumalal ikkagi oma \u201cplaan\u201d: see juhtus nende inimeste jaoks t\u00e4pselt siis, kui vaja, ei varem ega hiljem, ei siin ega seal, ei nii ega naa.<\/p>\n\n\n\n<p>Ei saa enda kohta \u00f6elda, et oleks enne leerikooli olnud v\u00e4ga usuk\u00fclm v\u00f5i -t\u00f5rges inimene, olen v\u00e4ga \u00f5nnelik ja r\u00f5\u00f5mus selliste s\u00fcndmuste k\u00e4igu \u00fcle ja usun, et see k\u00f5ik ei juhtunud mitte niisama. Olen K\u00f5igev\u00e4gevamale ja ka inimestele, kes mind sellele teele suunasid v\u00e4ga t\u00e4nulik. Tunnen, et see oli jumalik puudutus nii minu kui ka minu ristilaste jaoks. Jumal leidis, et n\u00fc\u00fcd on meil aeg koos tulla tema r\u00fcppe.<\/p>\n\n\n\n<p>T\u00e4nap\u00e4eval ehk v\u00e4hem, kuid keskajal oli kindlasti ristivanematel kanda ka sotsiaalne vastutus. Kui katkud ja muud t\u00f5ved laastasid maad, lasus ideaalis just ristivanematel vastutus vanemate surma korral pisip\u00f5nnid iseseisvale elule aitama. Minu meelest v\u00f5iks see ka t\u00e4nap\u00e4eval nii olla. V\u00e4ga sage on ristivanemate ja -laste puhul \u00f5hus pelgalt vaid k\u00fcsimus, et mida ristimisel v\u00f5i s\u00fcnnip\u00e4eva puhul kinkida. Kristlik ellusuhtumine ja filosoofia oleks kena vundament, mida ristivanemad v\u00f5iks oma valitutele edasi anda. N\u00e4iteks \u00e4ra l\u00f6\u00f6 teist, kui sind l\u00fc\u00fcakse vaid \u2026 oma vanematel v\u00f5ib olla vahest raske sellist s\u00f5numit lapsele, olgu noor v\u00f5i vana, edasi anda.<\/p>\n\n\n\n<p>Minu l\u00e4bisaamist Patricku ja P\u00e4rliga on alati kandnud suur seesmine soojus ja usaldus. Loodan, et nad tunnevad ennast minuga v\u00e4ga turvaliselt ja mina ei unusta hetkekski, et just Jumala poolt oleme \u00fcksteisele antud. Juba v\u00e4ga noorest east saadik on nad \u00fclesse n\u00e4idanud suurt lugupidamist ja s\u00f5prust minu vastu \u2013 olen p\u00fc\u00fcdnud samaga vastata. Vahest l\u00e4heb k\u00fcll kulm kipra, n\u00e4iteks kui uus kruus p\u00f5randale kukub \u2013 ent siis tasub m\u00f5elda selle peale, kust ja kuidas need lapsed on minu juurde j\u00f5udnud ja kuri meel lahtub.<\/p>\n\n\n\n<p>Otse loomulikult on nende jaoks alati p\u00f5nevam olla koos \u201conuga\u201d, sest ta r\u00e4\u00e4gib huvitavaid lugusid ja teeb igasugu riukaid \u2013 isa ja emaga nii ei saa. M\u00e4letan isegi oma lapsep\u00f5lvest, et onude ja t\u00e4didega koos oli alati nii p\u00f5nev, neid kuulata ja nende tegevustest osa saada v\u00f5i neid vaadelda, sest see oli teistmoodi ja p\u00f5nev. Eriti laste komme vanemate inimeste juttu pealt kuulata, kuigi isegi pooltest v\u00e4ljenditest aru ei saanud. Vahel isegi nii, et suunurgast kippus midagi p\u00f5randale tilkuma uudishimust.<\/p>\n\n\n\n<p>\u00d5de-venda Patrick ja P\u00e4rl on varajasest noorusest meie kohtumistel \u00fclesse n\u00e4idanud v\u00e4ga kristlikku k\u00e4itumist. Kahtlemata on selles oma suur panus vanematel ja \u00f5petusel. \u201cToitu tuleb jagada,\u201d on Patrick \u00f6elnud pakkudes mulle oma friikartuleid, kui minu praad on restoranis pisut kauem viibinud. \u201cMa annan oma m\u00fctsi sulle,\u201d teatab P\u00e4rl, kui m\u00e4rkab, et eredast p\u00e4ikesepaistest hoolimata olen olnud \u201cpaha laps\u201d ja ilma m\u00fctsita \u00f5ue tulnud. Selliseid juhtumisi ja lugusid v\u00f5iks veel poognate kaupa ritta seada.<\/p>\n\n\n\n<p>Oluline on, et tunnen neis olukordades v\u00e4ga suurt ligimesearmastust. See ongi meie \u201ckolmainsus\u201d \u2013 mina, Patrick ja P\u00e4rl. Ka minul ununevad koos olles mured ja h\u00e4dad, millega ehk t\u00e4iskasvanud sageli ennast ilma p\u00f5hjuseta koormavad ja tunnen, et v\u00f5iks veel enamatki usaldada Issanda k\u00e4tte. See oleks s\u00f5num k\u00f5igile ristivanematele: uskuge ja usaldage, ristilapsed on meile antud. Ristilapsed ja ristivanemad &#8211; see on p\u00fcha ja oluline jumalik seos. Meil k\u00f5igil on kanda oluline \u00fchendus: seos, mis ei ole s\u00fcndinud vaid lihast ja luust. Ristilapsed ja vanemad on perekond Jumalas.<\/p>\n\n\n\n<p>Aga l\u00f5petuseks \u2026<\/p>\n\n\n\n<p>Mul on ka kolmas armas ristilaps Gerli, kes suudab juba iseenese eest siin ilmas seista, ennast katta ja toita, aga kuna Tema vaid oma k\u00e4itumisega on multifilmitegelane vahest v\u00f5i kujutab tema elu kentsakat joonisfilmi, siis temast k\u00f5nelen j\u00e4rgmises loos ja j\u00e4rgmine kord.<\/p>\n\n\n\n<p><strong>Riivo V\u00e4\u00e4n, 42aastane luterlane, Kambja koguduse liige.<\/strong><\/p>\n\n\n\n<p><strong>Kevad 2018<\/strong><\/p>\n","protected":false},"excerpt":{"rendered":"<p>Rahvusvaheline L\u00e4\u00e4nemere regiooni Interreg projekti SEMPRE (Social Empowerment in Rural Areas) raames ellu kutsutud kirikutevaheline ristivanemate v\u00e4\u00e4rtustamise t\u00f6\u00f6r\u00fchm kogus 23. m\u00e4rtsist 15. juunini 2018 ristivanemluse teemalisi lugusid. Multifilmikangelased (minu ristilapsed) Ei ole vist maailmas palju lapsi, keda oleks \u00f5nnistatud nimedega humoorikast multifilmist \u201eK\u00e4sna Kalle Kantp\u00fcks\u201c, kuid just selliseid nimesid &#8211; Patrick ja P\u00e4rl &#8211; kannavad [&hellip;]<\/p>\n","protected":false},"author":1,"featured_media":0,"parent":278,"menu_order":8,"comment_status":"closed","ping_status":"closed","template":"","meta":{"footnotes":""},"class_list":["post-299","page","type-page","status-publish","hentry"],"_links":{"self":[{"href":"https:\/\/estodiac.eu\/eestidiakoonia\/wp-json\/wp\/v2\/pages\/299","targetHints":{"allow":["GET"]}}],"collection":[{"href":"https:\/\/estodiac.eu\/eestidiakoonia\/wp-json\/wp\/v2\/pages"}],"about":[{"href":"https:\/\/estodiac.eu\/eestidiakoonia\/wp-json\/wp\/v2\/types\/page"}],"author":[{"embeddable":true,"href":"https:\/\/estodiac.eu\/eestidiakoonia\/wp-json\/wp\/v2\/users\/1"}],"replies":[{"embeddable":true,"href":"https:\/\/estodiac.eu\/eestidiakoonia\/wp-json\/wp\/v2\/comments?post=299"}],"version-history":[{"count":0,"href":"https:\/\/estodiac.eu\/eestidiakoonia\/wp-json\/wp\/v2\/pages\/299\/revisions"}],"up":[{"embeddable":true,"href":"https:\/\/estodiac.eu\/eestidiakoonia\/wp-json\/wp\/v2\/pages\/278"}],"wp:attachment":[{"href":"https:\/\/estodiac.eu\/eestidiakoonia\/wp-json\/wp\/v2\/media?parent=299"}],"curies":[{"name":"wp","href":"https:\/\/api.w.org\/{rel}","templated":true}]}}