{"id":293,"date":"2020-07-26T08:09:32","date_gmt":"2020-07-26T08:09:32","guid":{"rendered":"https:\/\/estodiac.eu\/eestidiakoonia\/?page_id=293"},"modified":"2020-07-26T08:09:33","modified_gmt":"2020-07-26T08:09:33","slug":"mina-ristiemana","status":"publish","type":"page","link":"https:\/\/estodiac.eu\/eestidiakoonia\/ristivanematele\/ristivanemluse-lood\/mina-ristiemana\/","title":{"rendered":"Mina ristiemana"},"content":{"rendered":"\n<p>Rahvusvaheline L\u00e4\u00e4nemere regiooni Interreg projekti SEMPRE (Social Empowerment in Rural Areas) raames ellu kutsutud kirikutevaheline ristivanemate v\u00e4\u00e4rtustamise t\u00f6\u00f6r\u00fchm kogus 23. m\u00e4rtsist 15. juunini 2018 ristivanemluse teemalisi lugusid.<\/p>\n\n\n\n<hr class=\"wp-block-separator\"\/>\n\n\n\n<p><strong>Mina ristiemana<\/strong><\/p>\n\n\n\n<p>See, et sain ristiemaks oli r\u00f5\u00f5mustav ja hirmutav, sest vastutus oli hiigelsuur.<\/p>\n\n\n\n<p>Kui Eenok Haamer oli Eva ristinud, siis tulime kirikust v\u00e4lja ja ristimisvesi visati vastu kirikuseina. See oli kummaline kogemus. Vaatasin taevasse ja seal s\u00fcttis just \u00fcks t\u00e4heke. Olin lummatud. Meenuvad meie \u00fchised jalutusk\u00e4igud mere \u00e4\u00e4rde, v\u00e4ike Eva tegi alati k\u00f5ikidele lillekimpe ja alati nimetas, kellele see just tuleb &#8211; see andmisr\u00f5\u00f5m on temas t\u00e4nini. Ja Eva \u00f6eldud \u2019peris veike\u2019 on just see v\u00e4ljend, mis meenutades s\u00fcdame soojaks teeb.<\/p>\n\n\n\n<p>Kord lugesin talle ette \u201eV\u00e4ikest printsi\u201c ja kui olin j\u00f5udnud kohani, kus madu tagasi tuleb, palus Eva, et ma enam ei loeks, et ta teab, mis j\u00e4rgneb. Ta tunnetas, et tuleb midagi kurba.<\/p>\n\n\n\n<p>Nii palju imelisi hetki on Evaga seotud. Meenuvad j\u00f5ulud meie perega. Viieaastane Eva oli endale selgeks teinud, et j\u00f5uluvana ei ole olemas. Siis helises uksekell ja j\u00f5ulumees astus uksest sisse. Eva l\u00e4ks n\u00e4ost valgeks. Jah, j\u00f5uluime ikkagi ON. Ma ei tee enam piparkoogist loomi, sest Eva \u00fctles, et neid ei tohi s\u00fc\u00fca. N\u00fc\u00fcd vaid majad ja kuused.<\/p>\n\n\n\n<p>Palju seob meid teatriga. Ka v\u00e4ga v\u00e4ikesena oskas Eva kummaliselt \u00f5igesti esitada k\u00fcsimusi ja teha m\u00e4rkusi.<\/p>\n\n\n\n<p>Mina olen koos oma ristilapsega k\u00f5vasti kasvanud, saanud olla uuesti osaline tema maailma imelises usalduses. On \u00f5nn olla selle hapra, vapra, imelise lapse jaoks olemas. Olen kohe peris t\u00e4nulik.<\/p>\n\n\n\n<p><strong>Mare Riimets, 75aastane eesti keele \u00f5petaja.<\/strong><\/p>\n\n\n\n<p><strong>Kevad 2018<\/strong><\/p>\n","protected":false},"excerpt":{"rendered":"<p>Rahvusvaheline L\u00e4\u00e4nemere regiooni Interreg projekti SEMPRE (Social Empowerment in Rural Areas) raames ellu kutsutud kirikutevaheline ristivanemate v\u00e4\u00e4rtustamise t\u00f6\u00f6r\u00fchm kogus 23. m\u00e4rtsist 15. juunini 2018 ristivanemluse teemalisi lugusid. Mina ristiemana See, et sain ristiemaks oli r\u00f5\u00f5mustav ja hirmutav, sest vastutus oli hiigelsuur. Kui Eenok Haamer oli Eva ristinud, siis tulime kirikust v\u00e4lja ja ristimisvesi visati vastu [&hellip;]<\/p>\n","protected":false},"author":1,"featured_media":0,"parent":278,"menu_order":5,"comment_status":"closed","ping_status":"closed","template":"","meta":{"footnotes":""},"class_list":["post-293","page","type-page","status-publish","hentry"],"_links":{"self":[{"href":"https:\/\/estodiac.eu\/eestidiakoonia\/wp-json\/wp\/v2\/pages\/293","targetHints":{"allow":["GET"]}}],"collection":[{"href":"https:\/\/estodiac.eu\/eestidiakoonia\/wp-json\/wp\/v2\/pages"}],"about":[{"href":"https:\/\/estodiac.eu\/eestidiakoonia\/wp-json\/wp\/v2\/types\/page"}],"author":[{"embeddable":true,"href":"https:\/\/estodiac.eu\/eestidiakoonia\/wp-json\/wp\/v2\/users\/1"}],"replies":[{"embeddable":true,"href":"https:\/\/estodiac.eu\/eestidiakoonia\/wp-json\/wp\/v2\/comments?post=293"}],"version-history":[{"count":0,"href":"https:\/\/estodiac.eu\/eestidiakoonia\/wp-json\/wp\/v2\/pages\/293\/revisions"}],"up":[{"embeddable":true,"href":"https:\/\/estodiac.eu\/eestidiakoonia\/wp-json\/wp\/v2\/pages\/278"}],"wp:attachment":[{"href":"https:\/\/estodiac.eu\/eestidiakoonia\/wp-json\/wp\/v2\/media?parent=293"}],"curies":[{"name":"wp","href":"https:\/\/api.w.org\/{rel}","templated":true}]}}