{"id":291,"date":"2020-07-26T08:08:13","date_gmt":"2020-07-26T08:08:13","guid":{"rendered":"https:\/\/estodiac.eu\/eestidiakoonia\/?page_id=291"},"modified":"2020-07-26T08:08:13","modified_gmt":"2020-07-26T08:08:13","slug":"miks-minust-ei-saanud-ristiema","status":"publish","type":"page","link":"https:\/\/estodiac.eu\/eestidiakoonia\/ristivanematele\/ristivanemluse-lood\/miks-minust-ei-saanud-ristiema\/","title":{"rendered":"Miks minust ei saanud ristiema"},"content":{"rendered":"\n<p>Rahvusvaheline L\u00e4\u00e4nemere regiooni Interreg projekti SEMPRE (Social Empowerment in Rural Areas) raames ellu kutsutud kirikutevaheline ristivanemate v\u00e4\u00e4rtustamise t\u00f6\u00f6r\u00fchm kogus 23. m\u00e4rtsist 15. juunini 2018 ristivanemluse teemalisi lugusid.<\/p>\n\n\n\n<hr class=\"wp-block-separator\"\/>\n\n\n\n<p><strong>Miks minust ei saanud ristiema?<\/strong><\/p>\n\n\n\n<p>Olin ristimisel kahene. Mul oli kaks ristiema ja kaks ristiisa. Vist kaugelt sugulased. Ei m\u00e4leta, et oleksin nendega kuidagi hiljem kokku puutunud, et oleks tekkinud mingi m\u00e4lestus. Nad lihtsalt olid kirjas ristimistunnistusel, sest nii pidi olema.<\/p>\n\n\n\n<p>Minu t\u00fctrel Eval on \u00fcks ristiisa ja kaks ristiema. Ristiisa oli kiriku\u00f5petaja ja usun, et tal oli sada ristilast. Tema nimi oli J\u00fcri. T\u00fctar \u00fctles Iri. \u00dchest ristiemast ei tea midagi, aga see teine on p\u00f5hjus, miks minust ei saanud ristiema.<\/p>\n\n\n\n<p>Mare on eriline. Ei m\u00f6\u00f6du \u00fchtki s\u00fcnnip\u00e4eva, koolide l\u00f5petamist v\u00f5i muud t\u00e4htsat, kui Mare ei tervitaks, ei tuleks, ei oleks. Ka siis kui reaalajas ei kohtuta, ootab ikka kusagil tema sinilillekimp, teatripilet, piparkook, raamat v\u00f5i kaart luuletusega. Ja luuletused on alati need parimad: Terita kui kotkas pilku. Raamat \u201eV\u00e4ike prints\u201c on mu lapsel peas, sest Marel on peas nii \u201eV\u00e4ike prints\u201c kui ka Antoine de Saint-Exup\u00e9ry elulugu.<\/p>\n\n\n\n<p>J\u00e4tsin rahumeeles kolmeaastase Eva ristiema hoolde, kui l\u00e4ksin t\u00e4navalastele laagrit tegema. Kohtusime linnas, Mare jalutas Evaga Vanemuise m\u00e4est alla, nad olid vaadanud Toominga etendust. Aga Toominga t\u00fckid olid ikka kolmetunnised. Esimese vaatuse oli Eva huviga vaadanud, teise maganud ja kolmanda ajal valjuh\u00e4\u00e4lselt arvamust avaldanud, et lubamatult tumedad kost\u00fc\u00fcmid ja vali muusika. Enne kooliaega vaadatud \u201eReearuu\u201c Draamateatris meenutab Eva siiani.<\/p>\n\n\n\n<p>Ehk on vaja lisada, et Mare ei r\u00e4\u00e4gi Jumalast, ei k\u00e4i kirikus. Usun, et ta vaikselt palvetab. Ja kui ristivanema kohustus on last usule suunata, siis Mare teeb seda l\u00e4bi raamatute, olemasolemise ja armastuse.<\/p>\n\n\n\n<p><strong>Fea \u00dcprus, 63aastane kultuurit\u00f6\u00f6taja ja koordinaator Balti Kriminaalpreventsiooni Instituudis, EELK Harkuj\u00e4rve koguduse liige. Joonistab ingleid. Kui saaks oleks kogu aeg aiamaal. Sireliteaegu surub n\u00e4o \u00f5itesse ja fikseerib, et on kevadet tundnud.<\/strong><\/p>\n\n\n\n<p><strong>Kevad 2018<\/strong><\/p>\n","protected":false},"excerpt":{"rendered":"<p>Rahvusvaheline L\u00e4\u00e4nemere regiooni Interreg projekti SEMPRE (Social Empowerment in Rural Areas) raames ellu kutsutud kirikutevaheline ristivanemate v\u00e4\u00e4rtustamise t\u00f6\u00f6r\u00fchm kogus 23. m\u00e4rtsist 15. juunini 2018 ristivanemluse teemalisi lugusid. Miks minust ei saanud ristiema? Olin ristimisel kahene. Mul oli kaks ristiema ja kaks ristiisa. Vist kaugelt sugulased. Ei m\u00e4leta, et oleksin nendega kuidagi hiljem kokku puutunud, et [&hellip;]<\/p>\n","protected":false},"author":1,"featured_media":0,"parent":278,"menu_order":4,"comment_status":"closed","ping_status":"closed","template":"","meta":{"footnotes":""},"class_list":["post-291","page","type-page","status-publish","hentry"],"_links":{"self":[{"href":"https:\/\/estodiac.eu\/eestidiakoonia\/wp-json\/wp\/v2\/pages\/291","targetHints":{"allow":["GET"]}}],"collection":[{"href":"https:\/\/estodiac.eu\/eestidiakoonia\/wp-json\/wp\/v2\/pages"}],"about":[{"href":"https:\/\/estodiac.eu\/eestidiakoonia\/wp-json\/wp\/v2\/types\/page"}],"author":[{"embeddable":true,"href":"https:\/\/estodiac.eu\/eestidiakoonia\/wp-json\/wp\/v2\/users\/1"}],"replies":[{"embeddable":true,"href":"https:\/\/estodiac.eu\/eestidiakoonia\/wp-json\/wp\/v2\/comments?post=291"}],"version-history":[{"count":0,"href":"https:\/\/estodiac.eu\/eestidiakoonia\/wp-json\/wp\/v2\/pages\/291\/revisions"}],"up":[{"embeddable":true,"href":"https:\/\/estodiac.eu\/eestidiakoonia\/wp-json\/wp\/v2\/pages\/278"}],"wp:attachment":[{"href":"https:\/\/estodiac.eu\/eestidiakoonia\/wp-json\/wp\/v2\/media?parent=291"}],"curies":[{"name":"wp","href":"https:\/\/api.w.org\/{rel}","templated":true}]}}