{"id":256,"date":"2020-06-30T20:10:17","date_gmt":"2020-06-30T20:10:17","guid":{"rendered":"https:\/\/estodiac.eu\/eestidiakoonia\/?page_id=256"},"modified":"2020-06-30T20:12:43","modified_gmt":"2020-06-30T20:12:43","slug":"eesmark","status":"publish","type":"page","link":"https:\/\/estodiac.eu\/eestidiakoonia\/eesmark\/","title":{"rendered":"Eesm\u00e4rk"},"content":{"rendered":"\n<p>Diakoonia- ja \u00dchiskonnat\u00f6\u00f6 Sihtasutuse eesm\u00e4rgiks on anda oma panus soodsa elu- ja arenduskeskkonna loomisse ja koguduste j\u00f5ustamisse, algatades ja toetades tegevusi koguduste m\u00f5jupiirkonnas elavate inimeste elukvaliteedi parandamiseks ja inimv\u00e4\u00e4rikuse kaitseks. Sihtasutus on kiriklikele asutustele, organisatsioonidele ja kogudustele toeks ja asjatundlikuks abiks tegevuste kavandamisel ja elluviimisel vaesuse ja t\u00f5rjutuse v\u00e4hendamiseks.<\/p>\n","protected":false},"excerpt":{"rendered":"<p>Diakoonia- ja \u00dchiskonnat\u00f6\u00f6 Sihtasutuse eesm\u00e4rgiks on anda oma panus soodsa elu- ja arenduskeskkonna loomisse ja koguduste j\u00f5ustamisse, algatades ja toetades tegevusi koguduste m\u00f5jupiirkonnas elavate inimeste elukvaliteedi parandamiseks ja inimv\u00e4\u00e4rikuse kaitseks. Sihtasutus on kiriklikele asutustele, organisatsioonidele ja kogudustele toeks ja asjatundlikuks abiks tegevuste kavandamisel ja elluviimisel vaesuse ja t\u00f5rjutuse v\u00e4hendamiseks.<\/p>\n","protected":false},"author":1,"featured_media":0,"parent":0,"menu_order":0,"comment_status":"closed","ping_status":"closed","template":"","meta":{"footnotes":""},"class_list":["post-256","page","type-page","status-publish","hentry"],"_links":{"self":[{"href":"https:\/\/estodiac.eu\/eestidiakoonia\/wp-json\/wp\/v2\/pages\/256","targetHints":{"allow":["GET"]}}],"collection":[{"href":"https:\/\/estodiac.eu\/eestidiakoonia\/wp-json\/wp\/v2\/pages"}],"about":[{"href":"https:\/\/estodiac.eu\/eestidiakoonia\/wp-json\/wp\/v2\/types\/page"}],"author":[{"embeddable":true,"href":"https:\/\/estodiac.eu\/eestidiakoonia\/wp-json\/wp\/v2\/users\/1"}],"replies":[{"embeddable":true,"href":"https:\/\/estodiac.eu\/eestidiakoonia\/wp-json\/wp\/v2\/comments?post=256"}],"version-history":[{"count":0,"href":"https:\/\/estodiac.eu\/eestidiakoonia\/wp-json\/wp\/v2\/pages\/256\/revisions"}],"wp:attachment":[{"href":"https:\/\/estodiac.eu\/eestidiakoonia\/wp-json\/wp\/v2\/media?parent=256"}],"curies":[{"name":"wp","href":"https:\/\/api.w.org\/{rel}","templated":true}]}}