{"id":192,"date":"2019-09-12T08:53:09","date_gmt":"2019-09-12T08:53:09","guid":{"rendered":"https:\/\/estodiac.eu\/eestidiakoonia\/?page_id=192"},"modified":"2019-09-12T08:53:09","modified_gmt":"2019-09-12T08:53:09","slug":"vabauhenduste-eetikakoodeks","status":"publish","type":"page","link":"https:\/\/estodiac.eu\/eestidiakoonia\/dokumendid\/vabauhenduste-eetikakoodeks\/","title":{"rendered":"Vaba\u00fchenduste eetikakoodeks"},"content":{"rendered":"\n<p>EELK Diakoonia- ja \u00dchiskonnat\u00f6\u00f6 sihtasutus j\u00e4rgib oma tegevuses\u00a0<a rel=\"noreferrer noopener\" href=\"http:\/\/www.ngo.ee\/eetikakoodeks\" target=\"_blank\">kodaniku\u00fchenduste eetilise tegevuse \u00fcldtunnustatud p\u00f5him\u00f5tteid.<\/a> <\/p>\n","protected":false},"excerpt":{"rendered":"<p>EELK Diakoonia- ja \u00dchiskonnat\u00f6\u00f6 sihtasutus j\u00e4rgib oma tegevuses\u00a0kodaniku\u00fchenduste eetilise tegevuse \u00fcldtunnustatud p\u00f5him\u00f5tteid.<\/p>\n","protected":false},"author":1,"featured_media":0,"parent":42,"menu_order":0,"comment_status":"closed","ping_status":"closed","template":"","meta":{"footnotes":""},"class_list":["post-192","page","type-page","status-publish","hentry"],"_links":{"self":[{"href":"https:\/\/estodiac.eu\/eestidiakoonia\/wp-json\/wp\/v2\/pages\/192","targetHints":{"allow":["GET"]}}],"collection":[{"href":"https:\/\/estodiac.eu\/eestidiakoonia\/wp-json\/wp\/v2\/pages"}],"about":[{"href":"https:\/\/estodiac.eu\/eestidiakoonia\/wp-json\/wp\/v2\/types\/page"}],"author":[{"embeddable":true,"href":"https:\/\/estodiac.eu\/eestidiakoonia\/wp-json\/wp\/v2\/users\/1"}],"replies":[{"embeddable":true,"href":"https:\/\/estodiac.eu\/eestidiakoonia\/wp-json\/wp\/v2\/comments?post=192"}],"version-history":[{"count":0,"href":"https:\/\/estodiac.eu\/eestidiakoonia\/wp-json\/wp\/v2\/pages\/192\/revisions"}],"up":[{"embeddable":true,"href":"https:\/\/estodiac.eu\/eestidiakoonia\/wp-json\/wp\/v2\/pages\/42"}],"wp:attachment":[{"href":"https:\/\/estodiac.eu\/eestidiakoonia\/wp-json\/wp\/v2\/media?parent=192"}],"curies":[{"name":"wp","href":"https:\/\/api.w.org\/{rel}","templated":true}]}}