{"id":181,"date":"2019-09-12T08:34:56","date_gmt":"2019-09-12T08:34:56","guid":{"rendered":"https:\/\/estodiac.eu\/eestidiakoonia\/?page_id=181"},"modified":"2019-09-12T08:37:25","modified_gmt":"2019-09-12T08:37:25","slug":"pohikiri","status":"publish","type":"page","link":"https:\/\/estodiac.eu\/eestidiakoonia\/dokumendid\/pohikiri\/","title":{"rendered":"P\u00f5hikiri"},"content":{"rendered":"<p>EELK DIAKOONIA- JA \u00dcHISKONNAT\u00d6\u00d6 SIHTASUTUSE P\u00d5HIKIRI<\/p>\n<p>1. \u00dclds\u00e4tted<\/p>\n<p>1.1. Sihtasutuse nimi on EELK diakoonia- ja \u00fchiskonnat\u00f6\u00f6 sihtasutus.<br \/>1.2. EELK diakoonia- ja \u00fchiskonnat\u00f6\u00f6 sihtasutuse (edaspidi Sihtasutus) eesm\u00e4rk on osutada ki-riklikele asutustele, kogudustele ja teiste organisatsioonidele asjatundlikku abi kirikusse ja \u00fchis-konda suunatud tegevuste kavandamisel ja elluviimisel.<br \/>1.3. Eesm\u00e4rgi saavutamiseks Sihtasutus:<br \/>1.3.1. t\u00f6\u00f6tab v\u00e4lja ja rakendab strateegiaid ja tegevuskavasid kiriku diakoonia- ja \u00fchiskonnat\u00f6\u00f6 arendamiseks, osaleb probleemide ja konfliktide ennetamisel ja lahendamisel;<br \/>1.3.2. vahendab kogudustele vajalikku informatsiooni ja oskusteavet ning pakub tuge selle kasu-tamiseks kogukonna h\u00fcvanguks ja \u00fcksikisikute elukvaliteedi parandamiseks;<br \/>1.3.3. toetab koguduste koost\u00f6\u00f6d avaliku sektoriga teenuste kvaliteedi ja k\u00e4ttesaadavuse paran-damiseks;<br \/>1.3.4. algatab ja toetab sotsiaalvaldkonda ja \u00fchiselu edendavaid projekte, pakub sotsiaal- ja ko-gukonnateenuseid ning leiab v\u00f5imalusi haavatavate gruppide elu edendamiseks ja parendamiseks;<br \/>1.3.5. taotleb rahalisi vahendeid riigieelarvest, Euroopa Liidu, Eesti ja teiste riikide asutustelt, juriidilistelt ja f\u00fc\u00fcsilistelt isikutelt ning korraldab nende kasutamise vastavalt p\u00f5hikirjalistele ees-m\u00e4rkidele;<br \/>1.3.6. korraldab oma eesm\u00e4rgile vastavat teavitus-, koolitus-, n\u00f5ustamis- ja juhendamistegevust;<br \/>1.3.7. v\u00f5ib anda v\u00e4lja stipendiume;<br \/>1.3.8. tegeleb majandustegevusega, mis on vajalik p\u00f5hikirjaliste eesm\u00e4rkide t\u00e4itmiseks.<br \/>1.4. Sihtasutuse asutajaks on Eesti Evangeelne Luterlik Kirik (EELK).<br \/>1.5. Sihtasutus juhindub oma tegevuses Eesti Vabariigi ja EELK \u00f5igusaktidest ning k\u00e4esolevast p\u00f5hikirjast.<br \/>1.6. Sihtasutuse asukoht on Tallinn.<br \/>1.7. Sihtasutus on asutatud m\u00e4\u00e4ramata ajaks.<br \/>1.8. Sihtasutuse majandusaasta algab 1. jaanuaril ja l\u00f5peb 31. detsembril.<\/p>\n<p>2. Sihtasutuse vara<\/p>\n<p>2.1. Sihtasutus saab oma vara annetustest, kingitustest, p\u00e4randustest, sihtotstarbelistest eraldis-test, Sihtasutuse p\u00f5hikirjaliste eesm\u00e4rkide saavutamist toetavast majandustegevusest ja muudest allikatest.<br \/>2.2. Sihtasutusele tehtavad eraldised ja annetused kantakse Sihtasutuse pangaarvele v\u00f5i makstak-se Sihtasutuse kassasse. Sihtasutusele kinnisasja v\u00f5i vallasasja \u00fcleandmine toimub vastavalt Eestis kehtivatele \u00f5igusaktidele. Sihtasutuse n\u00f5ukogu v\u00f5ib kehtestada Sihtasutusele vara \u00fcleandmiseks t\u00e4psema korra.<br \/>2.3. Sihtasutuse vara kasutab ja k\u00e4sutab juhatus n\u00f5ukogu kehtestatud korras.<br \/>2.4. EELK revisjoniorganitel on \u00f5igus revideerida Sihtasutuse majandustegevust, raamatupidami-se korraldust ja varasid vastavalt EELK \u00f5igusaktides s\u00e4testatud korrale.<\/p>\n<p>3. N\u00f5ukogu<\/p>\n<p>3.1. Sihtasutuse k\u00f5rgemaks juhtimisorganiks on n\u00f5ukogu, kes kavandab Sihtasutuse tegevust ning korraldab Sihtasutuse juhtimist ja teostab j\u00e4relevalvet juhatuse tegevuse \u00fcle.<br \/>3.2. N\u00f5ukogu p\u00e4devusse kuulub:<br \/>3.2.1. majandusaasta aruande ja eelarve kinnitamine;<br \/>3.2.2. juhatuse liikmete m\u00e4\u00e4ramine ja tagasikutsumine;<br \/>3.2.3. audiitori nimetamine (t\u00e4htajaga \u00fcks aasta) v\u00f5i tagasikutsumine ning tema tasustamise korra m\u00e4\u00e4ramine, tulenevalt p\u00f5hikirja punktis 3.2.7 s\u00e4testatust;<br \/>3.2.4. p\u00f5him\u00f5tteliste otsuste vastuv\u00f5tmine Sihtasutuse tegevuse ning vara kasutamise ja k\u00e4suta-mise kohta;<br \/>3.2.5. juhatusele n\u00f5usoleku andmine tehingu tegemiseks, kui viimane v\u00e4ljub igap\u00e4evase majan-dustegevuse raamest (sealhulgas osaluse omandamine ja l\u00f5ppemine \u00e4ri\u00fchingus v\u00f5i kinnisasjade, samuti registrisse kantud vallasasjade v\u00f5\u00f5randamine v\u00f5i asja\u00f5igusega koormamine);<br \/>3.2.6. Sihtasutuse esindamine Sihtasutuse vaidlustes ja tehingute tegemisel juhatuse liikmega;<br \/>3.2.7. audiitorkontrolli m\u00e4\u00e4ramine, kui n\u00f5ukogu peab seda vajalikuks v\u00f5i kui audiitorkontrolli kohustus tuleneb seadusega m\u00e4\u00e4ratletud kriteeriumidest;<br \/>3.2.8. teiste otsuste vastuv\u00f5tmine, mis tulenevad riigi \u00f5igusaktidest v\u00f5i Sihtasutuse huvidest ning mis ei kuulu Sihtasutuse asutaja v\u00f5i juhatuse p\u00e4devusse.<br \/>3.3. N\u00f5ukogu koosneb 3 (kolmest) kuni 9 (\u00fcheksast) liikmest.<br \/>3.4. N\u00f5ukogu liikmed m\u00e4\u00e4rab ja kutsub tagasi asutaja \u2013 Eesti Evangeelse Luterliku Kiriku \u2013 juha-tus (konsistoorium). Konsistooriumi otsusega v\u00f5ib \u00fcks v\u00f5i mitu n\u00f5ukogu liiget olla konsistooriumi esindajateks ning konsistoorium v\u00f5ib anda neile juhiseid n\u00f5ukogu liikme \u00fclesannete t\u00e4itmiseks.<br \/>3.5. N\u00f5ukogu volituste t\u00e4htaeg on neli aastat.<br \/>3.6. N\u00f5ukogu koosolekud kutsub kokku ja neid juhatab n\u00f5ukogu esimees v\u00f5i teda asendav n\u00f5u-kogu liige. N\u00f5ukogu esimehe asendamise korra m\u00e4\u00e4rab kindlaks n\u00f5ukogu. N\u00f5ukogu kokkukut-sumisest peab n\u00f5ukogu liikmetele ette teatama v\u00e4hemalt 10 p\u00e4eva. N\u00f5ukogu koosolekud toimu-vad vastavalt vajadusele, kuid mitte harvem kui kaks korda aastas. N\u00f5ukogu erakorraline koos-olek kutsutakse kokku, kui seda n\u00f5uab n\u00f5ukogu liige, juhatus v\u00f5i audiitor.<br \/>3.7. N\u00f5ukogu on otsustusv\u00f5imeline, kui koosolekul osaleb \u00fcle poole n\u00f5ukogu liikmetest. N\u00f5uko-gu otsus on vastu v\u00f5etud, kui selle poolt h\u00e4\u00e4letab \u00fcle poole koosolekul osalenud n\u00f5ukogu liikme-test. Koosolekult puuduvad n\u00f5ukogu liikmed v\u00f5ivad osaleda h\u00e4\u00e4letamisel, edastades oma h\u00e4\u00e4le kirjalikku taasesitamist v\u00f5imaldavas vormis (nt e-posti teel). Igal n\u00f5ukogu liikmel on \u00fcks h\u00e4\u00e4l. N\u00f5ukogu liikmel ei ole \u00f5igust h\u00e4\u00e4letamisest keelduda ega erapooletuks j\u00e4\u00e4da. H\u00e4\u00e4lte v\u00f5rdsuse korral otsustab n\u00f5ukogu esimehe h\u00e4\u00e4l. N\u00f5ukogu liige ei v\u00f5ta osa h\u00e4\u00e4letamisest, kui otsustatakse tema ja Sihtasutuse vahelise tehingu tegemiseks n\u00f5usoleku andmist, samuti kolmanda isiku ja Sihtasutuse vahelise tehingu tegemiseks n\u00f5usoleku andmist, kui n\u00f5ukogu liikme sellest tehingust tulenevad huvid on vastuolus Sihtasutuse huvidega.<br \/>3.8. N\u00f5ukogu v\u00f5ib teha otsuse koosolekut kokku kutsumata, kui otsuse poolt h\u00e4\u00e4letavad kirjali-kult (posti v\u00f5i e-posti teel) k\u00f5ik n\u00f5ukogu liikmed.<br \/>3.9. N\u00f5ukogu koosolek protokollitakse. Protokollile kirjutavad alla k\u00f5ik koosolekul osalenud n\u00f5ukogu liikmed ja protokollija. Protokollile lisatakse posti v\u00f5i e-posti teel h\u00e4\u00e4letanud n\u00f5ukogu liikmete poolt saadetud arvamused, seisukohad ja h\u00e4\u00e4letusotsused. Protokolli kantakse n\u00f5ukogu liikme eriarvamus, mille ta kinnitab oma allkirjaga. Allkiri protokollil v\u00f5ib olla antud ka digitaa-lallkirjana.<br \/>3.10. N\u00f5ukogu liikmele v\u00f5ib n\u00f5ukogu otsuse alusel maksta tema \u00fclesannetele ja Sihtasutuse ma-janduslikule olukorrale vastavat tasu.<\/p>\n<p>4. Juhatus<\/p>\n<p>4.1. Juhatus juhib ja esindab Sihtasutust.<br \/>4.2. Juhatusel on \u00fcks (1) kuni kolm (3) liiget.<br \/>4.3. Juhatuse volituste t\u00e4htaeg on neli aastat. Juhatuse liikmeid m\u00e4\u00e4rab ja kutsub tagasi n\u00f5ukogu. Kui juhatuses on kolm liiget, valivad juhatuse liikmed endi hulgast juhatuse esimehe, kes korral-dab juhatuse tegevust.<br \/>4.4. Juhatuse igal liikmel on \u00f5igus esindada Sihtasutust k\u00f5ikides \u00f5igustoimingutes.<br \/>4.5. Juhatus:<br \/>4.5.1. esindab Sihtasutust ja tegutseb Sihtasutuse nimel;<br \/>4.5.2. korraldab Sihtasutuse jooksvat tegevust;<br \/>4.5.3. s\u00f5lmib Sihtasutuse nimel lepinguid ja teeb muid tehinguid vastavalt seadusele ja k\u00e4esoleva-le p\u00f5hikirjale;<br \/>4.5.4. tagab n\u00f5ukogu otsuste t\u00e4itmise;<br \/>4.5.5. korraldab Sihtasutuse raamatupidamist;<br \/>4.5.6. koostab ja esitab n\u00f5ukogule hiljemalt nelja kuu jooksul p\u00e4rast majandusaasta l\u00f5ppu majan-dusaasta aruande;<br \/>4.5.7. tagab Sihtasutuse eelarveprojekti ja finantseerimistaotluse koostamise ning Sihtasutuse eelarve t\u00e4itmise ja esitab selle kohta aruande n\u00f5ukogule;<br \/>4.5.8. esindab Sihtasutust kui t\u00f6\u00f6andjat suhetes Sihtasutuse t\u00f6\u00f6tajatega, sh s\u00f5lmib, muudab ja l\u00f5petab nendega t\u00f6\u00f6lepinguid;<br \/>4.5.9. otsustab teisi seadusega v\u00f5i seaduse alusel tema p\u00e4devusse antud k\u00fcsimusi.<br \/>4.6. Juhatuse liikmele v\u00f5ib maksta juhatuse liikme tasu, mille suuruse m\u00e4\u00e4rab n\u00f5ukogu. Juhatuse liikmel on \u00f5igus n\u00f5uda \u00fclesannete t\u00e4itmiseks tehtud vajalike kulutuste h\u00fcvitamist.<\/p>\n<p>5. P\u00f5hikirja muutmise kord<\/p>\n<p>5.1. P\u00f5hikirjas teeb muudatusi Sihtasutuse asutaja \u2013 Eesti Evangeelse Luterliku Kiriku \u2013 juhatus (konsistoorium) kas omal algatusel v\u00f5i n\u00f5ukogu ettepanekul. Kui asutaja soovib p\u00f5hikirja muuta omal algatusel, k\u00fcsib ta selle kohta eelnevalt Sihtasutuse n\u00f5ukogu seisukohta.<br \/>5.2. P\u00f5hikirja muutmisel j\u00e4rgitakse sihtasutuste seaduses s\u00e4testatut.<\/p>\n<p>6. Sihtasutuse l\u00f5petamine, \u00fchinemine ja jagunemine<\/p>\n<p>6.1. Sihtasutus l\u00f5petatakse asutaja \u2013 Eesti Evangeelse Luterliku Kiriku \u2013 Kirikukogu otsusega. Sihtasutuse l\u00f5petamine toimub eelpoolnimetatud ja teistel sihtasutuste seaduses s\u00e4testatud alustel ja korras. P\u00e4rast v\u00f5lausaldajate k\u00f5igi n\u00f5uete rahuldamist allesj\u00e4\u00e4nud vara antakse asutaja otsuse alusel \u00fcle valitsuse poolt kinnitatud tulumaksusoodustusega mittetulundus\u00fchingute, sihtasutuste ja usuliste \u00fchenduste nimekirja kantud \u00fchingule v\u00f5i avalik-\u00f5iguslikule juriidilisele isikule.<br \/>6.2. Sihtasutuse \u00fchinemine teise sihtasutusega ja jagunemine toimub asutaja \u2013 Eesti Evangeelse Luterliku Kiriku \u2013 Kirikukogu otsusel sihtasutuste seaduses s\u00e4testatud korras.<br \/>______<\/p>\n\n\n<p><\/p>\n","protected":false},"excerpt":{"rendered":"<p>EELK DIAKOONIA- JA \u00dcHISKONNAT\u00d6\u00d6 SIHTASUTUSE P\u00d5HIKIRI 1. \u00dclds\u00e4tted 1.1. Sihtasutuse nimi on EELK diakoonia- ja \u00fchiskonnat\u00f6\u00f6 sihtasutus.1.2. EELK diakoonia- ja \u00fchiskonnat\u00f6\u00f6 sihtasutuse (edaspidi Sihtasutus) eesm\u00e4rk on osutada ki-riklikele asutustele, kogudustele ja teiste organisatsioonidele asjatundlikku abi kirikusse ja \u00fchis-konda suunatud tegevuste kavandamisel ja elluviimisel.1.3. Eesm\u00e4rgi saavutamiseks Sihtasutus:1.3.1. t\u00f6\u00f6tab v\u00e4lja ja rakendab strateegiaid ja tegevuskavasid kiriku diakoonia- [&hellip;]<\/p>\n","protected":false},"author":1,"featured_media":0,"parent":42,"menu_order":0,"comment_status":"closed","ping_status":"closed","template":"","meta":{"footnotes":""},"class_list":["post-181","page","type-page","status-publish","hentry"],"_links":{"self":[{"href":"https:\/\/estodiac.eu\/eestidiakoonia\/wp-json\/wp\/v2\/pages\/181","targetHints":{"allow":["GET"]}}],"collection":[{"href":"https:\/\/estodiac.eu\/eestidiakoonia\/wp-json\/wp\/v2\/pages"}],"about":[{"href":"https:\/\/estodiac.eu\/eestidiakoonia\/wp-json\/wp\/v2\/types\/page"}],"author":[{"embeddable":true,"href":"https:\/\/estodiac.eu\/eestidiakoonia\/wp-json\/wp\/v2\/users\/1"}],"replies":[{"embeddable":true,"href":"https:\/\/estodiac.eu\/eestidiakoonia\/wp-json\/wp\/v2\/comments?post=181"}],"version-history":[{"count":0,"href":"https:\/\/estodiac.eu\/eestidiakoonia\/wp-json\/wp\/v2\/pages\/181\/revisions"}],"up":[{"embeddable":true,"href":"https:\/\/estodiac.eu\/eestidiakoonia\/wp-json\/wp\/v2\/pages\/42"}],"wp:attachment":[{"href":"https:\/\/estodiac.eu\/eestidiakoonia\/wp-json\/wp\/v2\/media?parent=181"}],"curies":[{"name":"wp","href":"https:\/\/api.w.org\/{rel}","templated":true}]}}