{"id":12,"date":"2019-04-08T14:41:31","date_gmt":"2019-04-08T14:41:31","guid":{"rendered":"https:\/\/estodiac.eu\/eestidiakoonia\/?page_id=12"},"modified":"2020-06-30T20:22:18","modified_gmt":"2020-06-30T20:22:18","slug":"esileht","status":"publish","type":"page","link":"https:\/\/estodiac.eu\/eestidiakoonia\/","title":{"rendered":""},"content":{"rendered":"\n<h3 class=\"wp-block-heading\"><strong>M\u00e4rkame ja aitame, sest iga inimene\non v\u00e4\u00e4rtuslik. <\/strong><\/h3>\n\n\n\n<p><strong>Peamine\neesm\u00e4rk.<\/strong><\/p>\n\n\n\n<p>Eesti Diakoonia on kvaliteedim\u00e4rk.<\/p>\n\n\n\n<p><strong>Tegevusvaldkonnad<\/strong><\/p>\n\n\n\n<p>\u2022&nbsp;&nbsp;&nbsp;&nbsp;&nbsp;&nbsp;&nbsp;&nbsp;&nbsp;&nbsp; Sotsiaal- ja kogukonnateenuste ning tegevuste arendamine ja osutamine;<\/p>\n\n\n\n<p>\u2022&nbsp;&nbsp;&nbsp;&nbsp;&nbsp;&nbsp;&nbsp;&nbsp;&nbsp;&nbsp; Kogukonnat\u00f6\u00f6 arendamine;&nbsp; MT\u00dc-de ja koguduste liikmete juhendamine ja koolitamine;<\/p>\n\n\n\n<p>\u2022&nbsp;&nbsp;&nbsp;&nbsp;&nbsp;&nbsp;&nbsp;&nbsp;&nbsp;&nbsp; Hingehoiu ja pastoraaln\u00f5ustamise arendamine ja toetamine;<\/p>\n\n\n\n<p>\u2022&nbsp;&nbsp;&nbsp;&nbsp;&nbsp;&nbsp;&nbsp;&nbsp;&nbsp;&nbsp; Erivajadustega\ninimeste hoolekande arendamine ja toetamine;<\/p>\n\n\n\n<p>\u2022&nbsp;&nbsp;&nbsp;&nbsp;&nbsp;&nbsp;&nbsp;&nbsp;&nbsp;&nbsp; Kriminaalpreventsiooni\nja sotsiaalse rehabilitatsiooni t\u00f5hustamine;<\/p>\n\n\n\n<p>\u2022&nbsp;&nbsp;&nbsp;&nbsp;&nbsp;&nbsp;&nbsp;&nbsp;&nbsp;&nbsp; Ohustatud\ngruppide eestkoste;<\/p>\n\n\n\n<p>\u2022&nbsp;&nbsp;&nbsp;&nbsp;&nbsp;&nbsp;&nbsp;&nbsp;&nbsp;&nbsp; Eakate\nt\u00f6\u00f6tegijate ja koguduseliikmete v\u00e4\u00e4rtustamine;<\/p>\n\n\n\n<p>\u2022&nbsp;&nbsp;&nbsp;&nbsp;&nbsp;&nbsp;&nbsp;&nbsp;&nbsp;&nbsp; Diakoonia-\nja \u00fchiskonnat\u00f6\u00f6 korraldus.<\/p>\n\n\n\n<p><\/p>\n\n\n\n<p><strong>Teenused<\/strong><\/p>\n\n\n\n<p>T\u00f6\u00f6turuteenused<br>Sotsiaalteenused<br>Kogukonnateenused<br>Muu kliendit\u00f6\u00f6 (n\u00f5ustamine, juhendamine, informeerimine, kaasamine jms)<\/p>\n","protected":false},"excerpt":{"rendered":"<p>M\u00e4rkame ja aitame, sest iga inimene on v\u00e4\u00e4rtuslik. Peamine eesm\u00e4rk. Eesti Diakoonia on kvaliteedim\u00e4rk. Tegevusvaldkonnad \u2022&nbsp;&nbsp;&nbsp;&nbsp;&nbsp;&nbsp;&nbsp;&nbsp;&nbsp;&nbsp; Sotsiaal- ja kogukonnateenuste ning tegevuste arendamine ja osutamine; \u2022&nbsp;&nbsp;&nbsp;&nbsp;&nbsp;&nbsp;&nbsp;&nbsp;&nbsp;&nbsp; Kogukonnat\u00f6\u00f6 arendamine;&nbsp; MT\u00dc-de ja koguduste liikmete juhendamine ja koolitamine; \u2022&nbsp;&nbsp;&nbsp;&nbsp;&nbsp;&nbsp;&nbsp;&nbsp;&nbsp;&nbsp; Hingehoiu ja pastoraaln\u00f5ustamise arendamine ja toetamine; \u2022&nbsp;&nbsp;&nbsp;&nbsp;&nbsp;&nbsp;&nbsp;&nbsp;&nbsp;&nbsp; Erivajadustega inimeste hoolekande arendamine ja toetamine; \u2022&nbsp;&nbsp;&nbsp;&nbsp;&nbsp;&nbsp;&nbsp;&nbsp;&nbsp;&nbsp; Kriminaalpreventsiooni ja sotsiaalse rehabilitatsiooni t\u00f5hustamine; \u2022&nbsp;&nbsp;&nbsp;&nbsp;&nbsp;&nbsp;&nbsp;&nbsp;&nbsp;&nbsp; [&hellip;]<\/p>\n","protected":false},"author":1,"featured_media":0,"parent":0,"menu_order":0,"comment_status":"closed","ping_status":"closed","template":"","meta":{"footnotes":""},"class_list":["post-12","page","type-page","status-publish","hentry"],"_links":{"self":[{"href":"https:\/\/estodiac.eu\/eestidiakoonia\/wp-json\/wp\/v2\/pages\/12","targetHints":{"allow":["GET"]}}],"collection":[{"href":"https:\/\/estodiac.eu\/eestidiakoonia\/wp-json\/wp\/v2\/pages"}],"about":[{"href":"https:\/\/estodiac.eu\/eestidiakoonia\/wp-json\/wp\/v2\/types\/page"}],"author":[{"embeddable":true,"href":"https:\/\/estodiac.eu\/eestidiakoonia\/wp-json\/wp\/v2\/users\/1"}],"replies":[{"embeddable":true,"href":"https:\/\/estodiac.eu\/eestidiakoonia\/wp-json\/wp\/v2\/comments?post=12"}],"version-history":[{"count":0,"href":"https:\/\/estodiac.eu\/eestidiakoonia\/wp-json\/wp\/v2\/pages\/12\/revisions"}],"wp:attachment":[{"href":"https:\/\/estodiac.eu\/eestidiakoonia\/wp-json\/wp\/v2\/media?parent=12"}],"curies":[{"name":"wp","href":"https:\/\/api.w.org\/{rel}","templated":true}]}}