{"id":10,"date":"2019-04-08T14:41:12","date_gmt":"2019-04-08T14:41:12","guid":{"rendered":"https:\/\/estodiac.eu\/eestidiakoonia\/?page_id=10"},"modified":"2023-07-12T20:57:18","modified_gmt":"2023-07-12T20:57:18","slug":"meeskond","status":"publish","type":"page","link":"https:\/\/estodiac.eu\/eestidiakoonia\/kontakt\/meeskond\/","title":{"rendered":"Meeskond"},"content":{"rendered":"\n<h4 class=\"wp-block-heading\">Kontakt<\/h4>\n\n\n\n<p>EELK diakoonia- ja \u00fchiskonnat\u00f6\u00f6 sihtasutus<\/p>\n\n\n\n<p>Reg kood 90014342<\/p>\n\n\n\n<p>Kiriku plats 3, 10130 Tallinn, tel 627 7363, <a href=\"mailto:diakoonia@eelk.ee\">diakoonia@eelk.ee<\/a><\/p>\n\n\n\n<p>SEB Arvelduskonto SWIFT EEUHEE2X IBAN EE0510102271542222<br> <br><\/p>\n\n\n\n<p><strong>Avo \u00dcprus<\/strong>, juhatuse liige, 502 0857, <a href=\"mailto:avo.uprus@eelk.ee\">avo.uprus@eelk.ee<\/a><\/p>\n\n\n\n<p><strong>Kadri Kesk\u00fcla<\/strong>, juhatuse liige ja diakooniasekret\u00e4r, 5629 3202, <a href=\"mailto:kadri.keskula@eelk.ee\">kadri.keskula@eelk.ee<\/a><\/p>\n\n\n\n<p><strong>Keili Rander<\/strong>, juhatuse liige ja puuetega laste tugiteenuste projektijuht, <a href=\"mailto:teenused@eelk.ee\">teenused@eelk.ee<\/a><\/p>\n\n\n\n<p> <\/p>\n","protected":false},"excerpt":{"rendered":"<p>Kontakt EELK diakoonia- ja \u00fchiskonnat\u00f6\u00f6 sihtasutus Reg kood 90014342 Kiriku plats 3, 10130 Tallinn, tel 627 7363, diakoonia@eelk.ee SEB Arvelduskonto SWIFT EEUHEE2X IBAN EE0510102271542222 Avo \u00dcprus, juhatuse liige, 502 0857, avo.uprus@eelk.ee Kadri Kesk\u00fcla, juhatuse liige ja diakooniasekret\u00e4r, 5629 3202, kadri.keskula@eelk.ee Keili Rander, juhatuse liige ja puuetega laste tugiteenuste projektijuht, teenused@eelk.ee<\/p>\n","protected":false},"author":1,"featured_media":0,"parent":8,"menu_order":0,"comment_status":"closed","ping_status":"closed","template":"","meta":{"footnotes":""},"class_list":["post-10","page","type-page","status-publish","hentry"],"_links":{"self":[{"href":"https:\/\/estodiac.eu\/eestidiakoonia\/wp-json\/wp\/v2\/pages\/10","targetHints":{"allow":["GET"]}}],"collection":[{"href":"https:\/\/estodiac.eu\/eestidiakoonia\/wp-json\/wp\/v2\/pages"}],"about":[{"href":"https:\/\/estodiac.eu\/eestidiakoonia\/wp-json\/wp\/v2\/types\/page"}],"author":[{"embeddable":true,"href":"https:\/\/estodiac.eu\/eestidiakoonia\/wp-json\/wp\/v2\/users\/1"}],"replies":[{"embeddable":true,"href":"https:\/\/estodiac.eu\/eestidiakoonia\/wp-json\/wp\/v2\/comments?post=10"}],"version-history":[{"count":3,"href":"https:\/\/estodiac.eu\/eestidiakoonia\/wp-json\/wp\/v2\/pages\/10\/revisions"}],"predecessor-version":[{"id":409,"href":"https:\/\/estodiac.eu\/eestidiakoonia\/wp-json\/wp\/v2\/pages\/10\/revisions\/409"}],"up":[{"embeddable":true,"href":"https:\/\/estodiac.eu\/eestidiakoonia\/wp-json\/wp\/v2\/pages\/8"}],"wp:attachment":[{"href":"https:\/\/estodiac.eu\/eestidiakoonia\/wp-json\/wp\/v2\/media?parent=10"}],"curies":[{"name":"wp","href":"https:\/\/api.w.org\/{rel}","templated":true}]}}